{"id":133,"date":"2019-04-15T12:59:40","date_gmt":"2019-04-15T12:59:40","guid":{"rendered":"https:\/\/citygate.lt\/?page_id=133"},"modified":"2019-09-04T15:27:50","modified_gmt":"2019-09-04T15:27:50","slug":"restoranas","status":"publish","type":"page","link":"https:\/\/citygate.lt\/lt\/restoranas\/","title":{"rendered":"Restoranas"},"content":{"rendered":"<p>Jaukiame vie\u0161bu\u010dio restorane pasijusite lyg namuose. Autenti\u0161kas interjeras, \u012f vidin\u012f jauk\u0173 vie\u0161bu\u010dio kiemel\u012f atsiveriantys langai, tyliai skambanti muzika ir \u0161vie\u017eiai maltos kavos aromatas J\u016bs\u0173 ryt\u0105 padaro ypatingu&#8230;<\/p>\n","protected":false},"excerpt":{"rendered":"<p>Jaukiame vie\u0161bu\u010dio restorane pasijusite lyg namuose. Autenti\u0161kas interjeras, \u012f vidin\u012f jauk\u0173 vie\u0161bu\u010dio kiemel\u012f atsiveriantys langai, tyliai skambanti muzika ir \u0161vie\u017eiai maltos kavos aromatas J\u016bs\u0173 ryt\u0105 padaro ypatingu&#8230;<\/p>\n","protected":false},"author":2,"featured_media":137,"parent":0,"menu_order":0,"comment_status":"closed","ping_status":"closed","template":"restaurant.php","meta":{"_acf_changed":false,"footnotes":""},"class_list":["post-133","page","type-page","status-publish","has-post-thumbnail","hentry"],"acf":[],"yoast_head":"<!-- This site is optimized with the Yoast SEO plugin v24.3 - https:\/\/yoast.com\/wordpress\/plugins\/seo\/ -->\n<title>Restoranas | City Gate Hotel | Vie\u0161butis Vilniaus senamietyje<\/title>\n<meta name=\"description\" content=\"\u201eBuffet\u201c stiliaus pusry\u010diai \u012fskai\u010diuoti \u012f kambario kain\u0105. M\u0117gautis skatins autenti\u0161kas interjeras, tyliai skambanti muzika ir \u0161vie\u017eiai maltos kavos aromatas\" \/>\n<meta name=\"robots\" content=\"index, follow, max-snippet:-1, max-image-preview:large, max-video-preview:-1\" \/>\n<link rel=\"canonical\" href=\"https:\/\/citygate.lt\/restoranas\/\" \/>\n<meta property=\"og:locale\" content=\"lt_LT\" \/>\n<meta property=\"og:type\" content=\"article\" \/>\n<meta property=\"og:title\" content=\"Restoranas | City Gate Hotel | Vie\u0161butis Vilniaus senamietyje\" \/>\n<meta property=\"og:description\" content=\"\u201eBuffet\u201c stiliaus pusry\u010diai \u012fskai\u010diuoti \u012f kambario kain\u0105. M\u0117gautis skatins autenti\u0161kas interjeras, tyliai skambanti muzika ir \u0161vie\u017eiai maltos kavos aromatas\" \/>\n<meta property=\"og:url\" content=\"https:\/\/citygate.lt\/restoranas\/\" \/>\n<meta property=\"og:site_name\" content=\"City Gate Hotel | Hotel in Vilnius Old Town\" \/>\n<meta property=\"article:publisher\" content=\"https:\/\/www.facebook.com\/CITY-GATE-hotel-116243295073449\/\" \/>\n<meta property=\"article:modified_time\" content=\"2019-09-04T15:27:50+00:00\" \/>\n<meta property=\"og:image\" content=\"https:\/\/citygate.lt\/wp-content\/uploads\/2019\/04\/restoranas-city-gate.jpg\" \/>\n\t<meta property=\"og:image:width\" content=\"1620\" \/>\n\t<meta property=\"og:image:height\" content=\"470\" \/>\n\t<meta property=\"og:image:type\" content=\"image\/jpeg\" \/>\n<meta name=\"twitter:card\" content=\"summary_large_image\" \/>\n<script type=\"application\/ld+json\" class=\"yoast-schema-graph\">{\"@context\":\"https:\/\/schema.org\",\"@graph\":[{\"@type\":\"WebPage\",\"@id\":\"https:\/\/citygate.lt\/restoranas\/\",\"url\":\"https:\/\/citygate.lt\/restoranas\/\",\"name\":\"Restoranas | City Gate Hotel | Vie\u0161butis Vilniaus senamietyje\",\"isPartOf\":{\"@id\":\"https:\/\/citygate.lt\/en\/#website\"},\"primaryImageOfPage\":{\"@id\":\"https:\/\/citygate.lt\/restoranas\/#primaryimage\"},\"image\":{\"@id\":\"https:\/\/citygate.lt\/restoranas\/#primaryimage\"},\"thumbnailUrl\":\"https:\/\/citygate.lt\/wp-content\/uploads\/2019\/04\/restoranas-city-gate.jpg\",\"datePublished\":\"2019-04-15T12:59:40+00:00\",\"dateModified\":\"2019-09-04T15:27:50+00:00\",\"description\":\"\u201eBuffet\u201c stiliaus pusry\u010diai \u012fskai\u010diuoti \u012f kambario kain\u0105. M\u0117gautis skatins autenti\u0161kas interjeras, tyliai skambanti muzika ir \u0161vie\u017eiai maltos kavos aromatas\",\"breadcrumb\":{\"@id\":\"https:\/\/citygate.lt\/restoranas\/#breadcrumb\"},\"inLanguage\":\"lt-LT\",\"potentialAction\":[{\"@type\":\"ReadAction\",\"target\":[\"https:\/\/citygate.lt\/restoranas\/\"]}]},{\"@type\":\"ImageObject\",\"inLanguage\":\"lt-LT\",\"@id\":\"https:\/\/citygate.lt\/restoranas\/#primaryimage\",\"url\":\"https:\/\/citygate.lt\/wp-content\/uploads\/2019\/04\/restoranas-city-gate.jpg\",\"contentUrl\":\"https:\/\/citygate.lt\/wp-content\/uploads\/2019\/04\/restoranas-city-gate.jpg\",\"width\":1620,\"height\":470,\"caption\":\"Breakfast in City Gate hotel in Vilnius\"},{\"@type\":\"BreadcrumbList\",\"@id\":\"https:\/\/citygate.lt\/restoranas\/#breadcrumb\",\"itemListElement\":[{\"@type\":\"ListItem\",\"position\":1,\"name\":\"Home\",\"item\":\"https:\/\/citygate.lt\/lt\/\"},{\"@type\":\"ListItem\",\"position\":2,\"name\":\"Restoranas\"}]},{\"@type\":\"WebSite\",\"@id\":\"https:\/\/citygate.lt\/en\/#website\",\"url\":\"https:\/\/citygate.lt\/en\/\",\"name\":\"City Gate Hotel | Hotel in Vilnius Old Town\",\"description\":\"Top rated for excellent location in heart of Vilnius Old Town, City Gate hotel offers spacious rooms, warm service, modern amenities, free parking, Wi-Fi, Sat-TV.\",\"publisher\":{\"@id\":\"https:\/\/citygate.lt\/en\/#organization\"},\"potentialAction\":[{\"@type\":\"SearchAction\",\"target\":{\"@type\":\"EntryPoint\",\"urlTemplate\":\"https:\/\/citygate.lt\/en\/?s={search_term_string}\"},\"query-input\":{\"@type\":\"PropertyValueSpecification\",\"valueRequired\":true,\"valueName\":\"search_term_string\"}}],\"inLanguage\":\"lt-LT\"},{\"@type\":\"Organization\",\"@id\":\"https:\/\/citygate.lt\/en\/#organization\",\"name\":\"CITY GATE hotel\",\"url\":\"https:\/\/citygate.lt\/en\/\",\"logo\":{\"@type\":\"ImageObject\",\"inLanguage\":\"lt-LT\",\"@id\":\"https:\/\/citygate.lt\/en\/#\/schema\/logo\/image\/\",\"url\":\"https:\/\/citygate.lt\/wp-content\/uploads\/2019\/05\/cg-logo.png\",\"contentUrl\":\"https:\/\/citygate.lt\/wp-content\/uploads\/2019\/05\/cg-logo.png\",\"width\":210,\"height\":60,\"caption\":\"CITY GATE hotel\"},\"image\":{\"@id\":\"https:\/\/citygate.lt\/en\/#\/schema\/logo\/image\/\"},\"sameAs\":[\"https:\/\/www.facebook.com\/CITY-GATE-hotel-116243295073449\/\"]}]}<\/script>\n<!-- \/ Yoast SEO plugin. -->","yoast_head_json":{"title":"Restoranas | City Gate Hotel | Vie\u0161butis Vilniaus senamietyje","description":"\u201eBuffet\u201c stiliaus pusry\u010diai \u012fskai\u010diuoti \u012f kambario kain\u0105. M\u0117gautis skatins autenti\u0161kas interjeras, tyliai skambanti muzika ir \u0161vie\u017eiai maltos kavos aromatas","robots":{"index":"index","follow":"follow","max-snippet":"max-snippet:-1","max-image-preview":"max-image-preview:large","max-video-preview":"max-video-preview:-1"},"canonical":"https:\/\/citygate.lt\/restoranas\/","og_locale":"lt_LT","og_type":"article","og_title":"Restoranas | City Gate Hotel | Vie\u0161butis Vilniaus senamietyje","og_description":"\u201eBuffet\u201c stiliaus pusry\u010diai \u012fskai\u010diuoti \u012f kambario kain\u0105. M\u0117gautis skatins autenti\u0161kas interjeras, tyliai skambanti muzika ir \u0161vie\u017eiai maltos kavos aromatas","og_url":"https:\/\/citygate.lt\/restoranas\/","og_site_name":"City Gate Hotel | Hotel in Vilnius Old Town","article_publisher":"https:\/\/www.facebook.com\/CITY-GATE-hotel-116243295073449\/","article_modified_time":"2019-09-04T15:27:50+00:00","og_image":[{"width":1620,"height":470,"url":"https:\/\/citygate.lt\/wp-content\/uploads\/2019\/04\/restoranas-city-gate.jpg","type":"image\/jpeg"}],"twitter_card":"summary_large_image","schema":{"@context":"https:\/\/schema.org","@graph":[{"@type":"WebPage","@id":"https:\/\/citygate.lt\/restoranas\/","url":"https:\/\/citygate.lt\/restoranas\/","name":"Restoranas | City Gate Hotel | Vie\u0161butis Vilniaus senamietyje","isPartOf":{"@id":"https:\/\/citygate.lt\/en\/#website"},"primaryImageOfPage":{"@id":"https:\/\/citygate.lt\/restoranas\/#primaryimage"},"image":{"@id":"https:\/\/citygate.lt\/restoranas\/#primaryimage"},"thumbnailUrl":"https:\/\/citygate.lt\/wp-content\/uploads\/2019\/04\/restoranas-city-gate.jpg","datePublished":"2019-04-15T12:59:40+00:00","dateModified":"2019-09-04T15:27:50+00:00","description":"\u201eBuffet\u201c stiliaus pusry\u010diai \u012fskai\u010diuoti \u012f kambario kain\u0105. M\u0117gautis skatins autenti\u0161kas interjeras, tyliai skambanti muzika ir \u0161vie\u017eiai maltos kavos aromatas","breadcrumb":{"@id":"https:\/\/citygate.lt\/restoranas\/#breadcrumb"},"inLanguage":"lt-LT","potentialAction":[{"@type":"ReadAction","target":["https:\/\/citygate.lt\/restoranas\/"]}]},{"@type":"ImageObject","inLanguage":"lt-LT","@id":"https:\/\/citygate.lt\/restoranas\/#primaryimage","url":"https:\/\/citygate.lt\/wp-content\/uploads\/2019\/04\/restoranas-city-gate.jpg","contentUrl":"https:\/\/citygate.lt\/wp-content\/uploads\/2019\/04\/restoranas-city-gate.jpg","width":1620,"height":470,"caption":"Breakfast in City Gate hotel in Vilnius"},{"@type":"BreadcrumbList","@id":"https:\/\/citygate.lt\/restoranas\/#breadcrumb","itemListElement":[{"@type":"ListItem","position":1,"name":"Home","item":"https:\/\/citygate.lt\/lt\/"},{"@type":"ListItem","position":2,"name":"Restoranas"}]},{"@type":"WebSite","@id":"https:\/\/citygate.lt\/en\/#website","url":"https:\/\/citygate.lt\/en\/","name":"City Gate Hotel | Hotel in Vilnius Old Town","description":"Top rated for excellent location in heart of Vilnius Old Town, City Gate hotel offers spacious rooms, warm service, modern amenities, free parking, Wi-Fi, Sat-TV.","publisher":{"@id":"https:\/\/citygate.lt\/en\/#organization"},"potentialAction":[{"@type":"SearchAction","target":{"@type":"EntryPoint","urlTemplate":"https:\/\/citygate.lt\/en\/?s={search_term_string}"},"query-input":{"@type":"PropertyValueSpecification","valueRequired":true,"valueName":"search_term_string"}}],"inLanguage":"lt-LT"},{"@type":"Organization","@id":"https:\/\/citygate.lt\/en\/#organization","name":"CITY GATE hotel","url":"https:\/\/citygate.lt\/en\/","logo":{"@type":"ImageObject","inLanguage":"lt-LT","@id":"https:\/\/citygate.lt\/en\/#\/schema\/logo\/image\/","url":"https:\/\/citygate.lt\/wp-content\/uploads\/2019\/05\/cg-logo.png","contentUrl":"https:\/\/citygate.lt\/wp-content\/uploads\/2019\/05\/cg-logo.png","width":210,"height":60,"caption":"CITY GATE hotel"},"image":{"@id":"https:\/\/citygate.lt\/en\/#\/schema\/logo\/image\/"},"sameAs":["https:\/\/www.facebook.com\/CITY-GATE-hotel-116243295073449\/"]}]}},"_links":{"self":[{"href":"https:\/\/citygate.lt\/lt\/wp-json\/wp\/v2\/pages\/133","targetHints":{"allow":["GET"]}}],"collection":[{"href":"https:\/\/citygate.lt\/lt\/wp-json\/wp\/v2\/pages"}],"about":[{"href":"https:\/\/citygate.lt\/lt\/wp-json\/wp\/v2\/types\/page"}],"author":[{"embeddable":true,"href":"https:\/\/citygate.lt\/lt\/wp-json\/wp\/v2\/users\/2"}],"replies":[{"embeddable":true,"href":"https:\/\/citygate.lt\/lt\/wp-json\/wp\/v2\/comments?post=133"}],"version-history":[{"count":22,"href":"https:\/\/citygate.lt\/lt\/wp-json\/wp\/v2\/pages\/133\/revisions"}],"predecessor-version":[{"id":1506,"href":"https:\/\/citygate.lt\/lt\/wp-json\/wp\/v2\/pages\/133\/revisions\/1506"}],"wp:featuredmedia":[{"embeddable":true,"href":"https:\/\/citygate.lt\/lt\/wp-json\/wp\/v2\/media\/137"}],"wp:attachment":[{"href":"https:\/\/citygate.lt\/lt\/wp-json\/wp\/v2\/media?parent=133"}],"curies":[{"name":"wp","href":"https:\/\/api.w.org\/{rel}","templated":true}]}}