{"id":139,"date":"2019-04-15T14:18:35","date_gmt":"2019-04-15T14:18:35","guid":{"rendered":"https:\/\/citygate.lt\/?page_id=139"},"modified":"2019-09-04T15:26:45","modified_gmt":"2019-09-04T15:26:45","slug":"kambariai","status":"publish","type":"page","link":"https:\/\/citygate.lt\/lt\/kambariai\/","title":{"rendered":"Kambariai"},"content":{"rendered":"<p>Vie\u0161butyje yra 53 jauk\u016bs kambariai su prakti\u0161kai \u012frengtomis vonios patalpomis. Kambariuose patogios lovos, kabelin\u0117 TV, nemokamas Wi-Fi, \u0161aldytuvai, telefonai, darbo stalai, autonomin\u0117 oro kondicionavimo sistema, elektronin\u0117s dur\u0173 spynos, du\u0161as arba vonia su \u0161ildomomis vonios kambario grindimis, plauk\u0173 d\u017eiovintuvai, vonios rank\u0161luos\u010diai ir b\u016btiniausios higienos priemon\u0117s. Jaunesniems nei 2 met\u0173 vaikams nemokamai suteikiama lovel\u0117 (i\u0161 anksto informavus vie\u0161bu\u010dio administratori\u0173).<\/p>\n","protected":false},"excerpt":{"rendered":"<p>Vie\u0161butyje yra 53 jauk\u016bs kambariai su prakti\u0161kai \u012frengtomis vonios patalpomis. Kambariuose patogios lovos, kabelin\u0117 TV, nemokamas Wi-Fi, \u0161aldytuvai, telefonai, darbo stalai, autonomin\u0117 oro kondicionavimo sistema, elektronin\u0117s dur\u0173 spynos, du\u0161as arba vonia su \u0161ildomomis vonios kambario grindimis, plauk\u0173 d\u017eiovintuvai, vonios rank\u0161luos\u010diai ir b\u016btiniausios higienos priemon\u0117s. Jaunesniems nei 2 met\u0173 vaikams nemokamai suteikiama lovel\u0117 (i\u0161 anksto informavus [&hellip;]<\/p>\n","protected":false},"author":2,"featured_media":140,"parent":0,"menu_order":0,"comment_status":"closed","ping_status":"closed","template":"rooms.php","meta":{"_acf_changed":false,"footnotes":""},"class_list":["post-139","page","type-page","status-publish","has-post-thumbnail","hentry"],"acf":[],"yoast_head":"<!-- This site is optimized with the Yoast SEO plugin v24.3 - https:\/\/yoast.com\/wordpress\/plugins\/seo\/ -->\n<title>Kambariai | City Gate Hotel | Vie\u0161butis Vilniaus senamietyje<\/title>\n<meta name=\"description\" content=\"Vie\u0161butyje yra 53 jauk\u016bs kambariai apr\u016bpinti kabeline TV, nemokamu Wi-Fi, autonomine oro kondicionavimo sistema, du\u0161u\/vonia, plauk\u0173 d\u017eiovintuvu.\" \/>\n<meta name=\"robots\" content=\"index, follow, max-snippet:-1, max-image-preview:large, max-video-preview:-1\" \/>\n<link rel=\"canonical\" href=\"https:\/\/citygate.lt\/kambariai\/\" \/>\n<meta property=\"og:locale\" content=\"lt_LT\" \/>\n<meta property=\"og:type\" content=\"article\" \/>\n<meta property=\"og:title\" content=\"Kambariai | City Gate Hotel | Vie\u0161butis Vilniaus senamietyje\" \/>\n<meta property=\"og:description\" content=\"Vie\u0161butyje yra 53 jauk\u016bs kambariai apr\u016bpinti kabeline TV, nemokamu Wi-Fi, autonomine oro kondicionavimo sistema, du\u0161u\/vonia, plauk\u0173 d\u017eiovintuvu.\" \/>\n<meta property=\"og:url\" content=\"https:\/\/citygate.lt\/kambariai\/\" \/>\n<meta property=\"og:site_name\" content=\"City Gate Hotel | Hotel in Vilnius Old Town\" \/>\n<meta property=\"article:publisher\" content=\"https:\/\/www.facebook.com\/CITY-GATE-hotel-116243295073449\/\" \/>\n<meta property=\"article:modified_time\" content=\"2019-09-04T15:26:45+00:00\" \/>\n<meta property=\"og:image\" content=\"https:\/\/citygate.lt\/wp-content\/uploads\/2019\/04\/kambariai-city-gate.jpg\" \/>\n\t<meta property=\"og:image:width\" content=\"1620\" \/>\n\t<meta property=\"og:image:height\" content=\"470\" \/>\n\t<meta property=\"og:image:type\" content=\"image\/jpeg\" \/>\n<meta name=\"twitter:card\" content=\"summary_large_image\" \/>\n<script type=\"application\/ld+json\" class=\"yoast-schema-graph\">{\"@context\":\"https:\/\/schema.org\",\"@graph\":[{\"@type\":\"WebPage\",\"@id\":\"https:\/\/citygate.lt\/kambariai\/\",\"url\":\"https:\/\/citygate.lt\/kambariai\/\",\"name\":\"Kambariai | City Gate Hotel | Vie\u0161butis Vilniaus senamietyje\",\"isPartOf\":{\"@id\":\"https:\/\/citygate.lt\/en\/#website\"},\"primaryImageOfPage\":{\"@id\":\"https:\/\/citygate.lt\/kambariai\/#primaryimage\"},\"image\":{\"@id\":\"https:\/\/citygate.lt\/kambariai\/#primaryimage\"},\"thumbnailUrl\":\"https:\/\/citygate.lt\/wp-content\/uploads\/2019\/04\/kambariai-city-gate.jpg\",\"datePublished\":\"2019-04-15T14:18:35+00:00\",\"dateModified\":\"2019-09-04T15:26:45+00:00\",\"description\":\"Vie\u0161butyje yra 53 jauk\u016bs kambariai apr\u016bpinti kabeline TV, nemokamu Wi-Fi, autonomine oro kondicionavimo sistema, du\u0161u\/vonia, plauk\u0173 d\u017eiovintuvu.\",\"breadcrumb\":{\"@id\":\"https:\/\/citygate.lt\/kambariai\/#breadcrumb\"},\"inLanguage\":\"lt-LT\",\"potentialAction\":[{\"@type\":\"ReadAction\",\"target\":[\"https:\/\/citygate.lt\/kambariai\/\"]}]},{\"@type\":\"ImageObject\",\"inLanguage\":\"lt-LT\",\"@id\":\"https:\/\/citygate.lt\/kambariai\/#primaryimage\",\"url\":\"https:\/\/citygate.lt\/wp-content\/uploads\/2019\/04\/kambariai-city-gate.jpg\",\"contentUrl\":\"https:\/\/citygate.lt\/wp-content\/uploads\/2019\/04\/kambariai-city-gate.jpg\",\"width\":1620,\"height\":470,\"caption\":\"Superior room of City Gate hotel in Vilnius\"},{\"@type\":\"BreadcrumbList\",\"@id\":\"https:\/\/citygate.lt\/kambariai\/#breadcrumb\",\"itemListElement\":[{\"@type\":\"ListItem\",\"position\":1,\"name\":\"Home\",\"item\":\"https:\/\/citygate.lt\/lt\/\"},{\"@type\":\"ListItem\",\"position\":2,\"name\":\"Kambariai\"}]},{\"@type\":\"WebSite\",\"@id\":\"https:\/\/citygate.lt\/en\/#website\",\"url\":\"https:\/\/citygate.lt\/en\/\",\"name\":\"City Gate Hotel | Hotel in Vilnius Old Town\",\"description\":\"Top rated for excellent location in heart of Vilnius Old Town, City Gate hotel offers spacious rooms, warm service, modern amenities, free parking, Wi-Fi, Sat-TV.\",\"publisher\":{\"@id\":\"https:\/\/citygate.lt\/en\/#organization\"},\"potentialAction\":[{\"@type\":\"SearchAction\",\"target\":{\"@type\":\"EntryPoint\",\"urlTemplate\":\"https:\/\/citygate.lt\/en\/?s={search_term_string}\"},\"query-input\":{\"@type\":\"PropertyValueSpecification\",\"valueRequired\":true,\"valueName\":\"search_term_string\"}}],\"inLanguage\":\"lt-LT\"},{\"@type\":\"Organization\",\"@id\":\"https:\/\/citygate.lt\/en\/#organization\",\"name\":\"CITY GATE hotel\",\"url\":\"https:\/\/citygate.lt\/en\/\",\"logo\":{\"@type\":\"ImageObject\",\"inLanguage\":\"lt-LT\",\"@id\":\"https:\/\/citygate.lt\/en\/#\/schema\/logo\/image\/\",\"url\":\"https:\/\/citygate.lt\/wp-content\/uploads\/2019\/05\/cg-logo.png\",\"contentUrl\":\"https:\/\/citygate.lt\/wp-content\/uploads\/2019\/05\/cg-logo.png\",\"width\":210,\"height\":60,\"caption\":\"CITY GATE hotel\"},\"image\":{\"@id\":\"https:\/\/citygate.lt\/en\/#\/schema\/logo\/image\/\"},\"sameAs\":[\"https:\/\/www.facebook.com\/CITY-GATE-hotel-116243295073449\/\"]}]}<\/script>\n<!-- \/ Yoast SEO plugin. -->","yoast_head_json":{"title":"Kambariai | City Gate Hotel | Vie\u0161butis Vilniaus senamietyje","description":"Vie\u0161butyje yra 53 jauk\u016bs kambariai apr\u016bpinti kabeline TV, nemokamu Wi-Fi, autonomine oro kondicionavimo sistema, du\u0161u\/vonia, plauk\u0173 d\u017eiovintuvu.","robots":{"index":"index","follow":"follow","max-snippet":"max-snippet:-1","max-image-preview":"max-image-preview:large","max-video-preview":"max-video-preview:-1"},"canonical":"https:\/\/citygate.lt\/kambariai\/","og_locale":"lt_LT","og_type":"article","og_title":"Kambariai | City Gate Hotel | Vie\u0161butis Vilniaus senamietyje","og_description":"Vie\u0161butyje yra 53 jauk\u016bs kambariai apr\u016bpinti kabeline TV, nemokamu Wi-Fi, autonomine oro kondicionavimo sistema, du\u0161u\/vonia, plauk\u0173 d\u017eiovintuvu.","og_url":"https:\/\/citygate.lt\/kambariai\/","og_site_name":"City Gate Hotel | Hotel in Vilnius Old Town","article_publisher":"https:\/\/www.facebook.com\/CITY-GATE-hotel-116243295073449\/","article_modified_time":"2019-09-04T15:26:45+00:00","og_image":[{"width":1620,"height":470,"url":"https:\/\/citygate.lt\/wp-content\/uploads\/2019\/04\/kambariai-city-gate.jpg","type":"image\/jpeg"}],"twitter_card":"summary_large_image","schema":{"@context":"https:\/\/schema.org","@graph":[{"@type":"WebPage","@id":"https:\/\/citygate.lt\/kambariai\/","url":"https:\/\/citygate.lt\/kambariai\/","name":"Kambariai | City Gate Hotel | Vie\u0161butis Vilniaus senamietyje","isPartOf":{"@id":"https:\/\/citygate.lt\/en\/#website"},"primaryImageOfPage":{"@id":"https:\/\/citygate.lt\/kambariai\/#primaryimage"},"image":{"@id":"https:\/\/citygate.lt\/kambariai\/#primaryimage"},"thumbnailUrl":"https:\/\/citygate.lt\/wp-content\/uploads\/2019\/04\/kambariai-city-gate.jpg","datePublished":"2019-04-15T14:18:35+00:00","dateModified":"2019-09-04T15:26:45+00:00","description":"Vie\u0161butyje yra 53 jauk\u016bs kambariai apr\u016bpinti kabeline TV, nemokamu Wi-Fi, autonomine oro kondicionavimo sistema, du\u0161u\/vonia, plauk\u0173 d\u017eiovintuvu.","breadcrumb":{"@id":"https:\/\/citygate.lt\/kambariai\/#breadcrumb"},"inLanguage":"lt-LT","potentialAction":[{"@type":"ReadAction","target":["https:\/\/citygate.lt\/kambariai\/"]}]},{"@type":"ImageObject","inLanguage":"lt-LT","@id":"https:\/\/citygate.lt\/kambariai\/#primaryimage","url":"https:\/\/citygate.lt\/wp-content\/uploads\/2019\/04\/kambariai-city-gate.jpg","contentUrl":"https:\/\/citygate.lt\/wp-content\/uploads\/2019\/04\/kambariai-city-gate.jpg","width":1620,"height":470,"caption":"Superior room of City Gate hotel in Vilnius"},{"@type":"BreadcrumbList","@id":"https:\/\/citygate.lt\/kambariai\/#breadcrumb","itemListElement":[{"@type":"ListItem","position":1,"name":"Home","item":"https:\/\/citygate.lt\/lt\/"},{"@type":"ListItem","position":2,"name":"Kambariai"}]},{"@type":"WebSite","@id":"https:\/\/citygate.lt\/en\/#website","url":"https:\/\/citygate.lt\/en\/","name":"City Gate Hotel | Hotel in Vilnius Old Town","description":"Top rated for excellent location in heart of Vilnius Old Town, City Gate hotel offers spacious rooms, warm service, modern amenities, free parking, Wi-Fi, Sat-TV.","publisher":{"@id":"https:\/\/citygate.lt\/en\/#organization"},"potentialAction":[{"@type":"SearchAction","target":{"@type":"EntryPoint","urlTemplate":"https:\/\/citygate.lt\/en\/?s={search_term_string}"},"query-input":{"@type":"PropertyValueSpecification","valueRequired":true,"valueName":"search_term_string"}}],"inLanguage":"lt-LT"},{"@type":"Organization","@id":"https:\/\/citygate.lt\/en\/#organization","name":"CITY GATE hotel","url":"https:\/\/citygate.lt\/en\/","logo":{"@type":"ImageObject","inLanguage":"lt-LT","@id":"https:\/\/citygate.lt\/en\/#\/schema\/logo\/image\/","url":"https:\/\/citygate.lt\/wp-content\/uploads\/2019\/05\/cg-logo.png","contentUrl":"https:\/\/citygate.lt\/wp-content\/uploads\/2019\/05\/cg-logo.png","width":210,"height":60,"caption":"CITY GATE hotel"},"image":{"@id":"https:\/\/citygate.lt\/en\/#\/schema\/logo\/image\/"},"sameAs":["https:\/\/www.facebook.com\/CITY-GATE-hotel-116243295073449\/"]}]}},"_links":{"self":[{"href":"https:\/\/citygate.lt\/lt\/wp-json\/wp\/v2\/pages\/139","targetHints":{"allow":["GET"]}}],"collection":[{"href":"https:\/\/citygate.lt\/lt\/wp-json\/wp\/v2\/pages"}],"about":[{"href":"https:\/\/citygate.lt\/lt\/wp-json\/wp\/v2\/types\/page"}],"author":[{"embeddable":true,"href":"https:\/\/citygate.lt\/lt\/wp-json\/wp\/v2\/users\/2"}],"replies":[{"embeddable":true,"href":"https:\/\/citygate.lt\/lt\/wp-json\/wp\/v2\/comments?post=139"}],"version-history":[{"count":24,"href":"https:\/\/citygate.lt\/lt\/wp-json\/wp\/v2\/pages\/139\/revisions"}],"predecessor-version":[{"id":1491,"href":"https:\/\/citygate.lt\/lt\/wp-json\/wp\/v2\/pages\/139\/revisions\/1491"}],"wp:featuredmedia":[{"embeddable":true,"href":"https:\/\/citygate.lt\/lt\/wp-json\/wp\/v2\/media\/140"}],"wp:attachment":[{"href":"https:\/\/citygate.lt\/lt\/wp-json\/wp\/v2\/media?parent=139"}],"curies":[{"name":"wp","href":"https:\/\/api.w.org\/{rel}","templated":true}]}}