{"id":144,"date":"2019-04-15T14:22:41","date_gmt":"2019-04-15T14:22:41","guid":{"rendered":"https:\/\/citygate.lt\/?page_id=144"},"modified":"2023-08-04T10:00:25","modified_gmt":"2023-08-04T10:00:25","slug":"sales","status":"publish","type":"page","link":"https:\/\/citygate.lt\/lt\/sales\/","title":{"rendered":"Sal\u0117s"},"content":{"rendered":"<p>Vie\u0161butis Jums si\u016blo 3 erdvias, nat\u016bral\u0173 ap\u0161vietim\u0105 turin\u010dias \u0161iuolaiki\u0161kai \u012frengtas sales J\u016bs\u0173 organizuojamiems renginiams, seminarams, konferencijoms, verslo susitikimams ar mokymams.<br \/>\nKonferencij\u0173 dalyviams pateikiame kavos pertrauk\u0117les, verslo pietus ar vakarienes.<\/p>\n","protected":false},"excerpt":{"rendered":"<p>Vie\u0161butis Jums si\u016blo 3 erdvias, nat\u016bral\u0173 ap\u0161vietim\u0105 turin\u010dias \u0161iuolaiki\u0161kai \u012frengtas sales J\u016bs\u0173 organizuojamiems renginiams, seminarams, konferencijoms, verslo susitikimams ar mokymams. Konferencij\u0173 dalyviams pateikiame kavos pertrauk\u0117les, verslo pietus ar vakarienes.<\/p>\n","protected":false},"author":2,"featured_media":146,"parent":0,"menu_order":0,"comment_status":"closed","ping_status":"closed","template":"conference.php","meta":{"_acf_changed":false,"footnotes":""},"class_list":["post-144","page","type-page","status-publish","has-post-thumbnail","hentry"],"acf":[],"yoast_head":"<!-- This site is optimized with the Yoast SEO plugin v24.3 - https:\/\/yoast.com\/wordpress\/plugins\/seo\/ -->\n<title>Sal\u0117s | City Gate Hotel | Vie\u0161butis Vilniaus senamietyje<\/title>\n<meta name=\"description\" content=\"Vie\u0161butis Jums si\u016blo 3 erdvias, nat\u016bral\u0173 ap\u0161vietim\u0105 turin\u010dias tinkamai \u012frengtas sales j\u016bs\u0173 organizuojamiems seminarams, konferencijoms...\" \/>\n<meta name=\"robots\" content=\"index, follow, max-snippet:-1, max-image-preview:large, max-video-preview:-1\" \/>\n<link rel=\"canonical\" href=\"https:\/\/citygate.lt\/sales\/\" \/>\n<meta property=\"og:locale\" content=\"lt_LT\" \/>\n<meta property=\"og:type\" content=\"article\" \/>\n<meta property=\"og:title\" content=\"Sal\u0117s | City Gate Hotel | Vie\u0161butis Vilniaus senamietyje\" \/>\n<meta property=\"og:description\" content=\"Vie\u0161butis Jums si\u016blo 3 erdvias, nat\u016bral\u0173 ap\u0161vietim\u0105 turin\u010dias tinkamai \u012frengtas sales j\u016bs\u0173 organizuojamiems seminarams, konferencijoms...\" \/>\n<meta property=\"og:url\" content=\"https:\/\/citygate.lt\/sales\/\" \/>\n<meta property=\"og:site_name\" content=\"City Gate Hotel | Hotel in Vilnius Old Town\" \/>\n<meta property=\"article:publisher\" content=\"https:\/\/www.facebook.com\/CITY-GATE-hotel-116243295073449\/\" \/>\n<meta property=\"article:modified_time\" content=\"2023-08-04T10:00:25+00:00\" \/>\n<meta property=\"og:image\" content=\"https:\/\/citygate.lt\/wp-content\/uploads\/2019\/04\/sales-city-gate.jpg\" \/>\n\t<meta property=\"og:image:width\" content=\"1620\" \/>\n\t<meta property=\"og:image:height\" content=\"470\" \/>\n\t<meta property=\"og:image:type\" content=\"image\/jpeg\" \/>\n<meta name=\"twitter:card\" content=\"summary_large_image\" \/>\n<meta name=\"twitter:label1\" content=\"Est. reading time\" \/>\n\t<meta name=\"twitter:data1\" content=\"1 minut\u0117\" \/>\n<script type=\"application\/ld+json\" class=\"yoast-schema-graph\">{\"@context\":\"https:\/\/schema.org\",\"@graph\":[{\"@type\":\"WebPage\",\"@id\":\"https:\/\/citygate.lt\/sales\/\",\"url\":\"https:\/\/citygate.lt\/sales\/\",\"name\":\"Sal\u0117s | City Gate Hotel | Vie\u0161butis Vilniaus senamietyje\",\"isPartOf\":{\"@id\":\"https:\/\/citygate.lt\/en\/#website\"},\"primaryImageOfPage\":{\"@id\":\"https:\/\/citygate.lt\/sales\/#primaryimage\"},\"image\":{\"@id\":\"https:\/\/citygate.lt\/sales\/#primaryimage\"},\"thumbnailUrl\":\"https:\/\/citygate.lt\/wp-content\/uploads\/2019\/04\/sales-city-gate.jpg\",\"datePublished\":\"2019-04-15T14:22:41+00:00\",\"dateModified\":\"2023-08-04T10:00:25+00:00\",\"description\":\"Vie\u0161butis Jums si\u016blo 3 erdvias, nat\u016bral\u0173 ap\u0161vietim\u0105 turin\u010dias tinkamai \u012frengtas sales j\u016bs\u0173 organizuojamiems seminarams, konferencijoms...\",\"breadcrumb\":{\"@id\":\"https:\/\/citygate.lt\/sales\/#breadcrumb\"},\"inLanguage\":\"lt-LT\",\"potentialAction\":[{\"@type\":\"ReadAction\",\"target\":[\"https:\/\/citygate.lt\/sales\/\"]}]},{\"@type\":\"ImageObject\",\"inLanguage\":\"lt-LT\",\"@id\":\"https:\/\/citygate.lt\/sales\/#primaryimage\",\"url\":\"https:\/\/citygate.lt\/wp-content\/uploads\/2019\/04\/sales-city-gate.jpg\",\"contentUrl\":\"https:\/\/citygate.lt\/wp-content\/uploads\/2019\/04\/sales-city-gate.jpg\",\"width\":1620,\"height\":470,\"caption\":\"Conference hall of City Gate hotel in Vilnius\"},{\"@type\":\"BreadcrumbList\",\"@id\":\"https:\/\/citygate.lt\/sales\/#breadcrumb\",\"itemListElement\":[{\"@type\":\"ListItem\",\"position\":1,\"name\":\"Home\",\"item\":\"https:\/\/citygate.lt\/lt\/\"},{\"@type\":\"ListItem\",\"position\":2,\"name\":\"Sal\u0117s\"}]},{\"@type\":\"WebSite\",\"@id\":\"https:\/\/citygate.lt\/en\/#website\",\"url\":\"https:\/\/citygate.lt\/en\/\",\"name\":\"City Gate Hotel | Hotel in Vilnius Old Town\",\"description\":\"Top rated for excellent location in heart of Vilnius Old Town, City Gate hotel offers spacious rooms, warm service, modern amenities, free parking, Wi-Fi, Sat-TV.\",\"publisher\":{\"@id\":\"https:\/\/citygate.lt\/en\/#organization\"},\"potentialAction\":[{\"@type\":\"SearchAction\",\"target\":{\"@type\":\"EntryPoint\",\"urlTemplate\":\"https:\/\/citygate.lt\/en\/?s={search_term_string}\"},\"query-input\":{\"@type\":\"PropertyValueSpecification\",\"valueRequired\":true,\"valueName\":\"search_term_string\"}}],\"inLanguage\":\"lt-LT\"},{\"@type\":\"Organization\",\"@id\":\"https:\/\/citygate.lt\/en\/#organization\",\"name\":\"CITY GATE hotel\",\"url\":\"https:\/\/citygate.lt\/en\/\",\"logo\":{\"@type\":\"ImageObject\",\"inLanguage\":\"lt-LT\",\"@id\":\"https:\/\/citygate.lt\/en\/#\/schema\/logo\/image\/\",\"url\":\"https:\/\/citygate.lt\/wp-content\/uploads\/2019\/05\/cg-logo.png\",\"contentUrl\":\"https:\/\/citygate.lt\/wp-content\/uploads\/2019\/05\/cg-logo.png\",\"width\":210,\"height\":60,\"caption\":\"CITY GATE hotel\"},\"image\":{\"@id\":\"https:\/\/citygate.lt\/en\/#\/schema\/logo\/image\/\"},\"sameAs\":[\"https:\/\/www.facebook.com\/CITY-GATE-hotel-116243295073449\/\"]}]}<\/script>\n<!-- \/ Yoast SEO plugin. -->","yoast_head_json":{"title":"Sal\u0117s | City Gate Hotel | Vie\u0161butis Vilniaus senamietyje","description":"Vie\u0161butis Jums si\u016blo 3 erdvias, nat\u016bral\u0173 ap\u0161vietim\u0105 turin\u010dias tinkamai \u012frengtas sales j\u016bs\u0173 organizuojamiems seminarams, konferencijoms...","robots":{"index":"index","follow":"follow","max-snippet":"max-snippet:-1","max-image-preview":"max-image-preview:large","max-video-preview":"max-video-preview:-1"},"canonical":"https:\/\/citygate.lt\/sales\/","og_locale":"lt_LT","og_type":"article","og_title":"Sal\u0117s | City Gate Hotel | Vie\u0161butis Vilniaus senamietyje","og_description":"Vie\u0161butis Jums si\u016blo 3 erdvias, nat\u016bral\u0173 ap\u0161vietim\u0105 turin\u010dias tinkamai \u012frengtas sales j\u016bs\u0173 organizuojamiems seminarams, konferencijoms...","og_url":"https:\/\/citygate.lt\/sales\/","og_site_name":"City Gate Hotel | Hotel in Vilnius Old Town","article_publisher":"https:\/\/www.facebook.com\/CITY-GATE-hotel-116243295073449\/","article_modified_time":"2023-08-04T10:00:25+00:00","og_image":[{"width":1620,"height":470,"url":"https:\/\/citygate.lt\/wp-content\/uploads\/2019\/04\/sales-city-gate.jpg","type":"image\/jpeg"}],"twitter_card":"summary_large_image","twitter_misc":{"Est. reading time":"1 minut\u0117"},"schema":{"@context":"https:\/\/schema.org","@graph":[{"@type":"WebPage","@id":"https:\/\/citygate.lt\/sales\/","url":"https:\/\/citygate.lt\/sales\/","name":"Sal\u0117s | City Gate Hotel | Vie\u0161butis Vilniaus senamietyje","isPartOf":{"@id":"https:\/\/citygate.lt\/en\/#website"},"primaryImageOfPage":{"@id":"https:\/\/citygate.lt\/sales\/#primaryimage"},"image":{"@id":"https:\/\/citygate.lt\/sales\/#primaryimage"},"thumbnailUrl":"https:\/\/citygate.lt\/wp-content\/uploads\/2019\/04\/sales-city-gate.jpg","datePublished":"2019-04-15T14:22:41+00:00","dateModified":"2023-08-04T10:00:25+00:00","description":"Vie\u0161butis Jums si\u016blo 3 erdvias, nat\u016bral\u0173 ap\u0161vietim\u0105 turin\u010dias tinkamai \u012frengtas sales j\u016bs\u0173 organizuojamiems seminarams, konferencijoms...","breadcrumb":{"@id":"https:\/\/citygate.lt\/sales\/#breadcrumb"},"inLanguage":"lt-LT","potentialAction":[{"@type":"ReadAction","target":["https:\/\/citygate.lt\/sales\/"]}]},{"@type":"ImageObject","inLanguage":"lt-LT","@id":"https:\/\/citygate.lt\/sales\/#primaryimage","url":"https:\/\/citygate.lt\/wp-content\/uploads\/2019\/04\/sales-city-gate.jpg","contentUrl":"https:\/\/citygate.lt\/wp-content\/uploads\/2019\/04\/sales-city-gate.jpg","width":1620,"height":470,"caption":"Conference hall of City Gate hotel in Vilnius"},{"@type":"BreadcrumbList","@id":"https:\/\/citygate.lt\/sales\/#breadcrumb","itemListElement":[{"@type":"ListItem","position":1,"name":"Home","item":"https:\/\/citygate.lt\/lt\/"},{"@type":"ListItem","position":2,"name":"Sal\u0117s"}]},{"@type":"WebSite","@id":"https:\/\/citygate.lt\/en\/#website","url":"https:\/\/citygate.lt\/en\/","name":"City Gate Hotel | Hotel in Vilnius Old Town","description":"Top rated for excellent location in heart of Vilnius Old Town, City Gate hotel offers spacious rooms, warm service, modern amenities, free parking, Wi-Fi, Sat-TV.","publisher":{"@id":"https:\/\/citygate.lt\/en\/#organization"},"potentialAction":[{"@type":"SearchAction","target":{"@type":"EntryPoint","urlTemplate":"https:\/\/citygate.lt\/en\/?s={search_term_string}"},"query-input":{"@type":"PropertyValueSpecification","valueRequired":true,"valueName":"search_term_string"}}],"inLanguage":"lt-LT"},{"@type":"Organization","@id":"https:\/\/citygate.lt\/en\/#organization","name":"CITY GATE hotel","url":"https:\/\/citygate.lt\/en\/","logo":{"@type":"ImageObject","inLanguage":"lt-LT","@id":"https:\/\/citygate.lt\/en\/#\/schema\/logo\/image\/","url":"https:\/\/citygate.lt\/wp-content\/uploads\/2019\/05\/cg-logo.png","contentUrl":"https:\/\/citygate.lt\/wp-content\/uploads\/2019\/05\/cg-logo.png","width":210,"height":60,"caption":"CITY GATE hotel"},"image":{"@id":"https:\/\/citygate.lt\/en\/#\/schema\/logo\/image\/"},"sameAs":["https:\/\/www.facebook.com\/CITY-GATE-hotel-116243295073449\/"]}]}},"_links":{"self":[{"href":"https:\/\/citygate.lt\/lt\/wp-json\/wp\/v2\/pages\/144","targetHints":{"allow":["GET"]}}],"collection":[{"href":"https:\/\/citygate.lt\/lt\/wp-json\/wp\/v2\/pages"}],"about":[{"href":"https:\/\/citygate.lt\/lt\/wp-json\/wp\/v2\/types\/page"}],"author":[{"embeddable":true,"href":"https:\/\/citygate.lt\/lt\/wp-json\/wp\/v2\/users\/2"}],"replies":[{"embeddable":true,"href":"https:\/\/citygate.lt\/lt\/wp-json\/wp\/v2\/comments?post=144"}],"version-history":[{"count":35,"href":"https:\/\/citygate.lt\/lt\/wp-json\/wp\/v2\/pages\/144\/revisions"}],"predecessor-version":[{"id":1857,"href":"https:\/\/citygate.lt\/lt\/wp-json\/wp\/v2\/pages\/144\/revisions\/1857"}],"wp:featuredmedia":[{"embeddable":true,"href":"https:\/\/citygate.lt\/lt\/wp-json\/wp\/v2\/media\/146"}],"wp:attachment":[{"href":"https:\/\/citygate.lt\/lt\/wp-json\/wp\/v2\/media?parent=144"}],"curies":[{"name":"wp","href":"https:\/\/api.w.org\/{rel}","templated":true}]}}