{"id":186,"date":"2019-04-17T06:32:43","date_gmt":"2019-04-17T06:32:43","guid":{"rendered":"https:\/\/citygate.lt\/?page_id=186"},"modified":"2019-09-04T15:29:20","modified_gmt":"2019-09-04T15:29:20","slug":"verta-aplankyti","status":"publish","type":"page","link":"https:\/\/citygate.lt\/lt\/verta-aplankyti\/","title":{"rendered":"Verta aplankyti"},"content":{"rendered":"<p>\u012e\u0117j\u0119 pro Au\u0161ros vartus pasivaik\u0161\u010diokite po Senamiest\u012f, pasig\u0117r\u0117kite baroko \u0161edevrais, gotikiniais ba\u017eny\u010di\u0173 m\u016brais, klasicizmo bei renesanso epoch\u0173 statiniais. Apsilankykite meno galerijose, suvenyr\u0173 parduotuv\u0117l\u0117se. Jaukiose kavin\u0117se ir restoranuose ragaukite lietuvi\u0161kus valgius ir g\u0117rimus. Jei pageidaujate daugiau informacijos apie lankytinas vietas, maloniai pra\u0161ome apsilankyti Vilniaus Turizmo Informacijos <a href=\"http:\/\/www.vilnius-tourism.lt\/\" target=\"_blank\" rel=\"noopener noreferrer\">Centro (TIC) tinklapyje<\/a>.<\/p>\n","protected":false},"excerpt":{"rendered":"<p>\u012e\u0117j\u0119 pro Au\u0161ros vartus pasivaik\u0161\u010diokite po Senamiest\u012f, pasig\u0117r\u0117kite baroko \u0161edevrais, gotikiniais ba\u017eny\u010di\u0173 m\u016brais, klasicizmo bei renesanso epoch\u0173 statiniais. Apsilankykite meno galerijose, suvenyr\u0173 parduotuv\u0117l\u0117se. Jaukiose kavin\u0117se ir restoranuose ragaukite lietuvi\u0161kus valgius ir g\u0117rimus. Jei pageidaujate daugiau informacijos apie lankytinas vietas, maloniai pra\u0161ome apsilankyti Vilniaus Turizmo Informacijos Centro (TIC) tinklapyje.<\/p>\n","protected":false},"author":2,"featured_media":1233,"parent":0,"menu_order":0,"comment_status":"closed","ping_status":"closed","template":"places.php","meta":{"_acf_changed":false,"footnotes":""},"class_list":["post-186","page","type-page","status-publish","has-post-thumbnail","hentry"],"acf":[],"yoast_head":"<!-- This site is optimized with the Yoast SEO plugin v24.3 - https:\/\/yoast.com\/wordpress\/plugins\/seo\/ -->\n<title>Verta aplankyti | City Gate Hotel | Vie\u0161butis Vilniaus senamietyje<\/title>\n<meta name=\"description\" content=\"Vie\u0161butis City Gate \u012fsik\u016br\u0119s Vilniaus senamiestyje, pa\u010dioje Vilniaus miesto \u0161irdyje. Lankytinos vietos greta vie\u0161bu\u010dio...\" \/>\n<meta name=\"robots\" content=\"index, follow, max-snippet:-1, max-image-preview:large, max-video-preview:-1\" \/>\n<link rel=\"canonical\" href=\"https:\/\/citygate.lt\/verta-aplankyti\/\" \/>\n<meta property=\"og:locale\" content=\"lt_LT\" \/>\n<meta property=\"og:type\" content=\"article\" \/>\n<meta property=\"og:title\" content=\"Verta aplankyti | City Gate Hotel | Vie\u0161butis Vilniaus senamietyje\" \/>\n<meta property=\"og:description\" content=\"Vie\u0161butis City Gate \u012fsik\u016br\u0119s Vilniaus senamiestyje, pa\u010dioje Vilniaus miesto \u0161irdyje. Lankytinos vietos greta vie\u0161bu\u010dio...\" \/>\n<meta property=\"og:url\" content=\"https:\/\/citygate.lt\/verta-aplankyti\/\" \/>\n<meta property=\"og:site_name\" content=\"City Gate Hotel | Hotel in Vilnius Old Town\" \/>\n<meta property=\"article:publisher\" content=\"https:\/\/www.facebook.com\/CITY-GATE-hotel-116243295073449\/\" \/>\n<meta property=\"article:modified_time\" content=\"2019-09-04T15:29:20+00:00\" \/>\n<meta property=\"og:image\" content=\"https:\/\/citygate.lt\/wp-content\/uploads\/2019\/05\/sights_city_gate_hotel.jpg\" \/>\n\t<meta property=\"og:image:width\" content=\"1620\" \/>\n\t<meta property=\"og:image:height\" content=\"470\" \/>\n\t<meta property=\"og:image:type\" content=\"image\/jpeg\" \/>\n<meta name=\"twitter:card\" content=\"summary_large_image\" \/>\n<script type=\"application\/ld+json\" class=\"yoast-schema-graph\">{\"@context\":\"https:\/\/schema.org\",\"@graph\":[{\"@type\":\"WebPage\",\"@id\":\"https:\/\/citygate.lt\/verta-aplankyti\/\",\"url\":\"https:\/\/citygate.lt\/verta-aplankyti\/\",\"name\":\"Verta aplankyti | City Gate Hotel | Vie\u0161butis Vilniaus senamietyje\",\"isPartOf\":{\"@id\":\"https:\/\/citygate.lt\/en\/#website\"},\"primaryImageOfPage\":{\"@id\":\"https:\/\/citygate.lt\/verta-aplankyti\/#primaryimage\"},\"image\":{\"@id\":\"https:\/\/citygate.lt\/verta-aplankyti\/#primaryimage\"},\"thumbnailUrl\":\"https:\/\/citygate.lt\/wp-content\/uploads\/2019\/05\/sights_city_gate_hotel.jpg\",\"datePublished\":\"2019-04-17T06:32:43+00:00\",\"dateModified\":\"2019-09-04T15:29:20+00:00\",\"description\":\"Vie\u0161butis City Gate \u012fsik\u016br\u0119s Vilniaus senamiestyje, pa\u010dioje Vilniaus miesto \u0161irdyje. Lankytinos vietos greta vie\u0161bu\u010dio...\",\"breadcrumb\":{\"@id\":\"https:\/\/citygate.lt\/verta-aplankyti\/#breadcrumb\"},\"inLanguage\":\"lt-LT\",\"potentialAction\":[{\"@type\":\"ReadAction\",\"target\":[\"https:\/\/citygate.lt\/verta-aplankyti\/\"]}]},{\"@type\":\"ImageObject\",\"inLanguage\":\"lt-LT\",\"@id\":\"https:\/\/citygate.lt\/verta-aplankyti\/#primaryimage\",\"url\":\"https:\/\/citygate.lt\/wp-content\/uploads\/2019\/05\/sights_city_gate_hotel.jpg\",\"contentUrl\":\"https:\/\/citygate.lt\/wp-content\/uploads\/2019\/05\/sights_city_gate_hotel.jpg\",\"width\":1620,\"height\":470,\"caption\":\"Sights nearby City Gate hotel in Vilnius\"},{\"@type\":\"BreadcrumbList\",\"@id\":\"https:\/\/citygate.lt\/verta-aplankyti\/#breadcrumb\",\"itemListElement\":[{\"@type\":\"ListItem\",\"position\":1,\"name\":\"Home\",\"item\":\"https:\/\/citygate.lt\/lt\/\"},{\"@type\":\"ListItem\",\"position\":2,\"name\":\"Verta aplankyti\"}]},{\"@type\":\"WebSite\",\"@id\":\"https:\/\/citygate.lt\/en\/#website\",\"url\":\"https:\/\/citygate.lt\/en\/\",\"name\":\"City Gate Hotel | Hotel in Vilnius Old Town\",\"description\":\"Top rated for excellent location in heart of Vilnius Old Town, City Gate hotel offers spacious rooms, warm service, modern amenities, free parking, Wi-Fi, Sat-TV.\",\"publisher\":{\"@id\":\"https:\/\/citygate.lt\/en\/#organization\"},\"potentialAction\":[{\"@type\":\"SearchAction\",\"target\":{\"@type\":\"EntryPoint\",\"urlTemplate\":\"https:\/\/citygate.lt\/en\/?s={search_term_string}\"},\"query-input\":{\"@type\":\"PropertyValueSpecification\",\"valueRequired\":true,\"valueName\":\"search_term_string\"}}],\"inLanguage\":\"lt-LT\"},{\"@type\":\"Organization\",\"@id\":\"https:\/\/citygate.lt\/en\/#organization\",\"name\":\"CITY GATE hotel\",\"url\":\"https:\/\/citygate.lt\/en\/\",\"logo\":{\"@type\":\"ImageObject\",\"inLanguage\":\"lt-LT\",\"@id\":\"https:\/\/citygate.lt\/en\/#\/schema\/logo\/image\/\",\"url\":\"https:\/\/citygate.lt\/wp-content\/uploads\/2019\/05\/cg-logo.png\",\"contentUrl\":\"https:\/\/citygate.lt\/wp-content\/uploads\/2019\/05\/cg-logo.png\",\"width\":210,\"height\":60,\"caption\":\"CITY GATE hotel\"},\"image\":{\"@id\":\"https:\/\/citygate.lt\/en\/#\/schema\/logo\/image\/\"},\"sameAs\":[\"https:\/\/www.facebook.com\/CITY-GATE-hotel-116243295073449\/\"]}]}<\/script>\n<!-- \/ Yoast SEO plugin. -->","yoast_head_json":{"title":"Verta aplankyti | City Gate Hotel | Vie\u0161butis Vilniaus senamietyje","description":"Vie\u0161butis City Gate \u012fsik\u016br\u0119s Vilniaus senamiestyje, pa\u010dioje Vilniaus miesto \u0161irdyje. Lankytinos vietos greta vie\u0161bu\u010dio...","robots":{"index":"index","follow":"follow","max-snippet":"max-snippet:-1","max-image-preview":"max-image-preview:large","max-video-preview":"max-video-preview:-1"},"canonical":"https:\/\/citygate.lt\/verta-aplankyti\/","og_locale":"lt_LT","og_type":"article","og_title":"Verta aplankyti | City Gate Hotel | Vie\u0161butis Vilniaus senamietyje","og_description":"Vie\u0161butis City Gate \u012fsik\u016br\u0119s Vilniaus senamiestyje, pa\u010dioje Vilniaus miesto \u0161irdyje. Lankytinos vietos greta vie\u0161bu\u010dio...","og_url":"https:\/\/citygate.lt\/verta-aplankyti\/","og_site_name":"City Gate Hotel | Hotel in Vilnius Old Town","article_publisher":"https:\/\/www.facebook.com\/CITY-GATE-hotel-116243295073449\/","article_modified_time":"2019-09-04T15:29:20+00:00","og_image":[{"width":1620,"height":470,"url":"https:\/\/citygate.lt\/wp-content\/uploads\/2019\/05\/sights_city_gate_hotel.jpg","type":"image\/jpeg"}],"twitter_card":"summary_large_image","schema":{"@context":"https:\/\/schema.org","@graph":[{"@type":"WebPage","@id":"https:\/\/citygate.lt\/verta-aplankyti\/","url":"https:\/\/citygate.lt\/verta-aplankyti\/","name":"Verta aplankyti | City Gate Hotel | Vie\u0161butis Vilniaus senamietyje","isPartOf":{"@id":"https:\/\/citygate.lt\/en\/#website"},"primaryImageOfPage":{"@id":"https:\/\/citygate.lt\/verta-aplankyti\/#primaryimage"},"image":{"@id":"https:\/\/citygate.lt\/verta-aplankyti\/#primaryimage"},"thumbnailUrl":"https:\/\/citygate.lt\/wp-content\/uploads\/2019\/05\/sights_city_gate_hotel.jpg","datePublished":"2019-04-17T06:32:43+00:00","dateModified":"2019-09-04T15:29:20+00:00","description":"Vie\u0161butis City Gate \u012fsik\u016br\u0119s Vilniaus senamiestyje, pa\u010dioje Vilniaus miesto \u0161irdyje. Lankytinos vietos greta vie\u0161bu\u010dio...","breadcrumb":{"@id":"https:\/\/citygate.lt\/verta-aplankyti\/#breadcrumb"},"inLanguage":"lt-LT","potentialAction":[{"@type":"ReadAction","target":["https:\/\/citygate.lt\/verta-aplankyti\/"]}]},{"@type":"ImageObject","inLanguage":"lt-LT","@id":"https:\/\/citygate.lt\/verta-aplankyti\/#primaryimage","url":"https:\/\/citygate.lt\/wp-content\/uploads\/2019\/05\/sights_city_gate_hotel.jpg","contentUrl":"https:\/\/citygate.lt\/wp-content\/uploads\/2019\/05\/sights_city_gate_hotel.jpg","width":1620,"height":470,"caption":"Sights nearby City Gate hotel in Vilnius"},{"@type":"BreadcrumbList","@id":"https:\/\/citygate.lt\/verta-aplankyti\/#breadcrumb","itemListElement":[{"@type":"ListItem","position":1,"name":"Home","item":"https:\/\/citygate.lt\/lt\/"},{"@type":"ListItem","position":2,"name":"Verta aplankyti"}]},{"@type":"WebSite","@id":"https:\/\/citygate.lt\/en\/#website","url":"https:\/\/citygate.lt\/en\/","name":"City Gate Hotel | Hotel in Vilnius Old Town","description":"Top rated for excellent location in heart of Vilnius Old Town, City Gate hotel offers spacious rooms, warm service, modern amenities, free parking, Wi-Fi, Sat-TV.","publisher":{"@id":"https:\/\/citygate.lt\/en\/#organization"},"potentialAction":[{"@type":"SearchAction","target":{"@type":"EntryPoint","urlTemplate":"https:\/\/citygate.lt\/en\/?s={search_term_string}"},"query-input":{"@type":"PropertyValueSpecification","valueRequired":true,"valueName":"search_term_string"}}],"inLanguage":"lt-LT"},{"@type":"Organization","@id":"https:\/\/citygate.lt\/en\/#organization","name":"CITY GATE hotel","url":"https:\/\/citygate.lt\/en\/","logo":{"@type":"ImageObject","inLanguage":"lt-LT","@id":"https:\/\/citygate.lt\/en\/#\/schema\/logo\/image\/","url":"https:\/\/citygate.lt\/wp-content\/uploads\/2019\/05\/cg-logo.png","contentUrl":"https:\/\/citygate.lt\/wp-content\/uploads\/2019\/05\/cg-logo.png","width":210,"height":60,"caption":"CITY GATE hotel"},"image":{"@id":"https:\/\/citygate.lt\/en\/#\/schema\/logo\/image\/"},"sameAs":["https:\/\/www.facebook.com\/CITY-GATE-hotel-116243295073449\/"]}]}},"_links":{"self":[{"href":"https:\/\/citygate.lt\/lt\/wp-json\/wp\/v2\/pages\/186","targetHints":{"allow":["GET"]}}],"collection":[{"href":"https:\/\/citygate.lt\/lt\/wp-json\/wp\/v2\/pages"}],"about":[{"href":"https:\/\/citygate.lt\/lt\/wp-json\/wp\/v2\/types\/page"}],"author":[{"embeddable":true,"href":"https:\/\/citygate.lt\/lt\/wp-json\/wp\/v2\/users\/2"}],"replies":[{"embeddable":true,"href":"https:\/\/citygate.lt\/lt\/wp-json\/wp\/v2\/comments?post=186"}],"version-history":[{"count":27,"href":"https:\/\/citygate.lt\/lt\/wp-json\/wp\/v2\/pages\/186\/revisions"}],"predecessor-version":[{"id":1520,"href":"https:\/\/citygate.lt\/lt\/wp-json\/wp\/v2\/pages\/186\/revisions\/1520"}],"wp:featuredmedia":[{"embeddable":true,"href":"https:\/\/citygate.lt\/lt\/wp-json\/wp\/v2\/media\/1233"}],"wp:attachment":[{"href":"https:\/\/citygate.lt\/lt\/wp-json\/wp\/v2\/media?parent=186"}],"curies":[{"name":"wp","href":"https:\/\/api.w.org\/{rel}","templated":true}]}}