{"id":1912,"date":"2024-07-28T21:01:21","date_gmt":"2024-07-28T21:01:21","guid":{"rendered":"https:\/\/citygate.lt\/?page_id=1912"},"modified":"2024-09-14T12:04:05","modified_gmt":"2024-09-14T12:04:05","slug":"es-projektai","status":"publish","type":"page","link":"https:\/\/citygate.lt\/lt\/es-projektai\/","title":{"rendered":"ES projektai"},"content":{"rendered":"<div>Kvietimas: <strong>Priva\u010di\u0173 elektromobili\u0173 \u012fkrovimo prieig\u0173 \u012frengimas<\/strong><\/div>\n<div>Galimyb\u0117 gauti param\u0105 595,78 EUR i\u0161 jungtinio projekto \u201ePriva\u010di\u0173 elektromobili\u0173 \u012fkrovimo prieig\u0173 \u012frengimas\u201c pateikus parai\u0161k\u0105 Lietuvos energetikos agent\u016brai pagal paskelbt\u0105 kvietim\u0105 \u201eJuridini\u0173 asmen\u0173 priva\u010di\u0173 elektromobili\u0173 \u012fkrovimo prieig\u0173 \u012frengimas darboviet\u0117se\u201c paskatino UAB CITY GATE suplanuoti ir \u012fsirengti 1 prieigos (22 kW) elektromobilio \u012fkrovimo stotel\u0119.<\/div>\n<div><\/div>\n<div>Jungtinio projekto projektas \u012fgyvendinamas pagal ekonomikos gaivinimo ir atsparumo didinimo plan\u0105\u00a0\u201eNaujos kartos Lietuva\u201c, finansuojam\u0105\u00a0Europos S\u0105jungos\u00a0ekonomikos gaivinimo ir atsparumo didinimo priemon\u0117s\u00a0\u201eNextGenerationEU\u201c\u00a0l\u0117\u0161omis.<\/div>\n<div><\/div>\n<p>&nbsp;<\/p>\n<div><\/div>\n<div>Kvietimas:<strong> Investicin\u0117 parama saul\u0117s elektrin\u0117ms sausumoje<\/strong><\/div>\n<div>Galimyb\u0117 gauti param\u0105\u00a07513,94 EUR\u00a0i\u0161 jungtinio projekto \u201eInvesticin\u0117 parama saul\u0117s elektrin\u0117ms sausumoje\u201c pateikus parai\u0161k\u0105 Lietuvos energetikos agent\u016brai paskatino\u00a0<i>UAB City Gate<\/i>\u00a0suplanuoti \u012fsirengti 20\u00a0kW saul\u0117s elektrin\u0119 sausumoje.<\/div>\n<p>Jungtinio projekto projektas \u012fgyvendinamas pagal ekonomikos gaivinimo ir atsparumo didinimo plan\u0105 \u201eNaujos kartos Lietuva\u201c, finansuojam\u0105 Europos S\u0105jungos ekonomikos gaivinimo ir atsparumo didinimo priemon\u0117s \u201eNextGenerationEU\u201c l\u0117\u0161omis.<\/p>\n<p>&nbsp;<\/p>\n<p><img loading=\"lazy\" decoding=\"async\" class=\"alignnone size-medium wp-image-1916\" src=\"https:\/\/citygate.lt\/wp-content\/uploads\/2024\/07\/nextgen-300x83.png\" alt=\"\" width=\"300\" height=\"83\" srcset=\"https:\/\/citygate.lt\/wp-content\/uploads\/2024\/07\/nextgen-300x83.png 300w, https:\/\/citygate.lt\/wp-content\/uploads\/2024\/07\/nextgen-1024x285.png 1024w, https:\/\/citygate.lt\/wp-content\/uploads\/2024\/07\/nextgen-768x213.png 768w, https:\/\/citygate.lt\/wp-content\/uploads\/2024\/07\/nextgen-1536x427.png 1536w, https:\/\/citygate.lt\/wp-content\/uploads\/2024\/07\/nextgen-2048x569.png 2048w\" sizes=\"auto, (max-width: 300px) 100vw, 300px\" \/> <img loading=\"lazy\" decoding=\"async\" class=\"alignnone size-medium wp-image-1921\" src=\"https:\/\/citygate.lt\/wp-content\/uploads\/2024\/07\/naujos-kart-300x107.png\" alt=\"\" width=\"300\" height=\"107\" srcset=\"https:\/\/citygate.lt\/wp-content\/uploads\/2024\/07\/naujos-kart-300x107.png 300w, https:\/\/citygate.lt\/wp-content\/uploads\/2024\/07\/naujos-kart-1024x364.png 1024w, https:\/\/citygate.lt\/wp-content\/uploads\/2024\/07\/naujos-kart-768x273.png 768w, https:\/\/citygate.lt\/wp-content\/uploads\/2024\/07\/naujos-kart-1536x546.png 1536w, https:\/\/citygate.lt\/wp-content\/uploads\/2024\/07\/naujos-kart.png 1832w\" sizes=\"auto, (max-width: 300px) 100vw, 300px\" \/> <img loading=\"lazy\" decoding=\"async\" class=\"alignnone size-medium wp-image-1926\" src=\"https:\/\/citygate.lt\/wp-content\/uploads\/2024\/07\/lea-300x100.png\" alt=\"\" width=\"300\" height=\"100\" srcset=\"https:\/\/citygate.lt\/wp-content\/uploads\/2024\/07\/lea-300x100.png 300w, https:\/\/citygate.lt\/wp-content\/uploads\/2024\/07\/lea-1024x342.png 1024w, https:\/\/citygate.lt\/wp-content\/uploads\/2024\/07\/lea-768x256.png 768w, https:\/\/citygate.lt\/wp-content\/uploads\/2024\/07\/lea.png 1450w\" sizes=\"auto, (max-width: 300px) 100vw, 300px\" \/><\/p>\n","protected":false},"excerpt":{"rendered":"<p>Kvietimas: Priva\u010di\u0173 elektromobili\u0173 \u012fkrovimo prieig\u0173 \u012frengimas Galimyb\u0117 gauti param\u0105 595,78 EUR i\u0161 jungtinio projekto \u201ePriva\u010di\u0173 elektromobili\u0173 \u012fkrovimo prieig\u0173 \u012frengimas\u201c pateikus parai\u0161k\u0105 Lietuvos energetikos agent\u016brai pagal paskelbt\u0105 kvietim\u0105 \u201eJuridini\u0173 asmen\u0173 priva\u010di\u0173 elektromobili\u0173 \u012fkrovimo prieig\u0173 \u012frengimas darboviet\u0117se\u201c paskatino UAB CITY GATE suplanuoti ir \u012fsirengti 1 prieigos (22 kW) elektromobilio \u012fkrovimo stotel\u0119. Jungtinio projekto projektas \u012fgyvendinamas pagal ekonomikos [&hellip;]<\/p>\n","protected":false},"author":7,"featured_media":0,"parent":0,"menu_order":0,"comment_status":"closed","ping_status":"closed","template":"","meta":{"_acf_changed":false,"footnotes":""},"class_list":["post-1912","page","type-page","status-publish","hentry"],"acf":[],"yoast_head":"<!-- This site is optimized with the Yoast SEO plugin v24.3 - https:\/\/yoast.com\/wordpress\/plugins\/seo\/ -->\n<title>ES projektai | City Gate Hotel | Hotel in Vilnius Old Town<\/title>\n<meta name=\"robots\" content=\"index, follow, max-snippet:-1, max-image-preview:large, max-video-preview:-1\" \/>\n<link rel=\"canonical\" href=\"https:\/\/citygate.lt\/lt\/es-projektai\/\" \/>\n<meta property=\"og:locale\" content=\"lt_LT\" \/>\n<meta property=\"og:type\" content=\"article\" \/>\n<meta property=\"og:title\" content=\"ES projektai | City Gate Hotel | Hotel in Vilnius Old Town\" \/>\n<meta property=\"og:description\" content=\"Kvietimas: Priva\u010di\u0173 elektromobili\u0173 \u012fkrovimo prieig\u0173 \u012frengimas Galimyb\u0117 gauti param\u0105 595,78 EUR i\u0161 jungtinio projekto \u201ePriva\u010di\u0173 elektromobili\u0173 \u012fkrovimo prieig\u0173 \u012frengimas\u201c pateikus parai\u0161k\u0105 Lietuvos energetikos agent\u016brai pagal paskelbt\u0105 kvietim\u0105 \u201eJuridini\u0173 asmen\u0173 priva\u010di\u0173 elektromobili\u0173 \u012fkrovimo prieig\u0173 \u012frengimas darboviet\u0117se\u201c paskatino UAB CITY GATE suplanuoti ir \u012fsirengti 1 prieigos (22 kW) elektromobilio \u012fkrovimo stotel\u0119. Jungtinio projekto projektas \u012fgyvendinamas pagal ekonomikos [&hellip;]\" \/>\n<meta property=\"og:url\" content=\"https:\/\/citygate.lt\/lt\/es-projektai\/\" \/>\n<meta property=\"og:site_name\" content=\"City Gate Hotel | Hotel in Vilnius Old Town\" \/>\n<meta property=\"article:publisher\" content=\"https:\/\/www.facebook.com\/CITY-GATE-hotel-116243295073449\/\" \/>\n<meta property=\"article:modified_time\" content=\"2024-09-14T12:04:05+00:00\" \/>\n<meta property=\"og:image\" content=\"https:\/\/citygate.lt\/wp-content\/uploads\/2024\/07\/nextgen-300x83.png\" \/>\n<meta name=\"twitter:card\" content=\"summary_large_image\" \/>\n<meta name=\"twitter:label1\" content=\"Est. reading time\" \/>\n\t<meta name=\"twitter:data1\" content=\"2 minut\u0117s\" \/>\n<script type=\"application\/ld+json\" class=\"yoast-schema-graph\">{\"@context\":\"https:\/\/schema.org\",\"@graph\":[{\"@type\":\"WebPage\",\"@id\":\"https:\/\/citygate.lt\/lt\/es-projektai\/\",\"url\":\"https:\/\/citygate.lt\/lt\/es-projektai\/\",\"name\":\"ES projektai | City Gate Hotel | Hotel in Vilnius Old Town\",\"isPartOf\":{\"@id\":\"https:\/\/citygate.lt\/en\/#website\"},\"primaryImageOfPage\":{\"@id\":\"https:\/\/citygate.lt\/lt\/es-projektai\/#primaryimage\"},\"image\":{\"@id\":\"https:\/\/citygate.lt\/lt\/es-projektai\/#primaryimage\"},\"thumbnailUrl\":\"https:\/\/citygate.lt\/wp-content\/uploads\/2024\/07\/nextgen-300x83.png\",\"datePublished\":\"2024-07-28T21:01:21+00:00\",\"dateModified\":\"2024-09-14T12:04:05+00:00\",\"breadcrumb\":{\"@id\":\"https:\/\/citygate.lt\/lt\/es-projektai\/#breadcrumb\"},\"inLanguage\":\"lt-LT\",\"potentialAction\":[{\"@type\":\"ReadAction\",\"target\":[\"https:\/\/citygate.lt\/lt\/es-projektai\/\"]}]},{\"@type\":\"ImageObject\",\"inLanguage\":\"lt-LT\",\"@id\":\"https:\/\/citygate.lt\/lt\/es-projektai\/#primaryimage\",\"url\":\"https:\/\/citygate.lt\/wp-content\/uploads\/2024\/07\/nextgen-300x83.png\",\"contentUrl\":\"https:\/\/citygate.lt\/wp-content\/uploads\/2024\/07\/nextgen-300x83.png\"},{\"@type\":\"BreadcrumbList\",\"@id\":\"https:\/\/citygate.lt\/lt\/es-projektai\/#breadcrumb\",\"itemListElement\":[{\"@type\":\"ListItem\",\"position\":1,\"name\":\"Home\",\"item\":\"https:\/\/citygate.lt\/lt\/\"},{\"@type\":\"ListItem\",\"position\":2,\"name\":\"ES projektai\"}]},{\"@type\":\"WebSite\",\"@id\":\"https:\/\/citygate.lt\/en\/#website\",\"url\":\"https:\/\/citygate.lt\/en\/\",\"name\":\"City Gate Hotel | Hotel in Vilnius Old Town\",\"description\":\"Top rated for excellent location in heart of Vilnius Old Town, City Gate hotel offers spacious rooms, warm service, modern amenities, free parking, Wi-Fi, Sat-TV.\",\"publisher\":{\"@id\":\"https:\/\/citygate.lt\/en\/#organization\"},\"potentialAction\":[{\"@type\":\"SearchAction\",\"target\":{\"@type\":\"EntryPoint\",\"urlTemplate\":\"https:\/\/citygate.lt\/en\/?s={search_term_string}\"},\"query-input\":{\"@type\":\"PropertyValueSpecification\",\"valueRequired\":true,\"valueName\":\"search_term_string\"}}],\"inLanguage\":\"lt-LT\"},{\"@type\":\"Organization\",\"@id\":\"https:\/\/citygate.lt\/en\/#organization\",\"name\":\"CITY GATE hotel\",\"url\":\"https:\/\/citygate.lt\/en\/\",\"logo\":{\"@type\":\"ImageObject\",\"inLanguage\":\"lt-LT\",\"@id\":\"https:\/\/citygate.lt\/en\/#\/schema\/logo\/image\/\",\"url\":\"https:\/\/citygate.lt\/wp-content\/uploads\/2019\/05\/cg-logo.png\",\"contentUrl\":\"https:\/\/citygate.lt\/wp-content\/uploads\/2019\/05\/cg-logo.png\",\"width\":210,\"height\":60,\"caption\":\"CITY GATE hotel\"},\"image\":{\"@id\":\"https:\/\/citygate.lt\/en\/#\/schema\/logo\/image\/\"},\"sameAs\":[\"https:\/\/www.facebook.com\/CITY-GATE-hotel-116243295073449\/\"]}]}<\/script>\n<!-- \/ Yoast SEO plugin. -->","yoast_head_json":{"title":"ES projektai | City Gate Hotel | Hotel in Vilnius Old Town","robots":{"index":"index","follow":"follow","max-snippet":"max-snippet:-1","max-image-preview":"max-image-preview:large","max-video-preview":"max-video-preview:-1"},"canonical":"https:\/\/citygate.lt\/lt\/es-projektai\/","og_locale":"lt_LT","og_type":"article","og_title":"ES projektai | City Gate Hotel | Hotel in Vilnius Old Town","og_description":"Kvietimas: Priva\u010di\u0173 elektromobili\u0173 \u012fkrovimo prieig\u0173 \u012frengimas Galimyb\u0117 gauti param\u0105 595,78 EUR i\u0161 jungtinio projekto \u201ePriva\u010di\u0173 elektromobili\u0173 \u012fkrovimo prieig\u0173 \u012frengimas\u201c pateikus parai\u0161k\u0105 Lietuvos energetikos agent\u016brai pagal paskelbt\u0105 kvietim\u0105 \u201eJuridini\u0173 asmen\u0173 priva\u010di\u0173 elektromobili\u0173 \u012fkrovimo prieig\u0173 \u012frengimas darboviet\u0117se\u201c paskatino UAB CITY GATE suplanuoti ir \u012fsirengti 1 prieigos (22 kW) elektromobilio \u012fkrovimo stotel\u0119. Jungtinio projekto projektas \u012fgyvendinamas pagal ekonomikos [&hellip;]","og_url":"https:\/\/citygate.lt\/lt\/es-projektai\/","og_site_name":"City Gate Hotel | Hotel in Vilnius Old Town","article_publisher":"https:\/\/www.facebook.com\/CITY-GATE-hotel-116243295073449\/","article_modified_time":"2024-09-14T12:04:05+00:00","og_image":[{"url":"https:\/\/citygate.lt\/wp-content\/uploads\/2024\/07\/nextgen-300x83.png","type":"","width":"","height":""}],"twitter_card":"summary_large_image","twitter_misc":{"Est. reading time":"2 minut\u0117s"},"schema":{"@context":"https:\/\/schema.org","@graph":[{"@type":"WebPage","@id":"https:\/\/citygate.lt\/lt\/es-projektai\/","url":"https:\/\/citygate.lt\/lt\/es-projektai\/","name":"ES projektai | City Gate Hotel | Hotel in Vilnius Old Town","isPartOf":{"@id":"https:\/\/citygate.lt\/en\/#website"},"primaryImageOfPage":{"@id":"https:\/\/citygate.lt\/lt\/es-projektai\/#primaryimage"},"image":{"@id":"https:\/\/citygate.lt\/lt\/es-projektai\/#primaryimage"},"thumbnailUrl":"https:\/\/citygate.lt\/wp-content\/uploads\/2024\/07\/nextgen-300x83.png","datePublished":"2024-07-28T21:01:21+00:00","dateModified":"2024-09-14T12:04:05+00:00","breadcrumb":{"@id":"https:\/\/citygate.lt\/lt\/es-projektai\/#breadcrumb"},"inLanguage":"lt-LT","potentialAction":[{"@type":"ReadAction","target":["https:\/\/citygate.lt\/lt\/es-projektai\/"]}]},{"@type":"ImageObject","inLanguage":"lt-LT","@id":"https:\/\/citygate.lt\/lt\/es-projektai\/#primaryimage","url":"https:\/\/citygate.lt\/wp-content\/uploads\/2024\/07\/nextgen-300x83.png","contentUrl":"https:\/\/citygate.lt\/wp-content\/uploads\/2024\/07\/nextgen-300x83.png"},{"@type":"BreadcrumbList","@id":"https:\/\/citygate.lt\/lt\/es-projektai\/#breadcrumb","itemListElement":[{"@type":"ListItem","position":1,"name":"Home","item":"https:\/\/citygate.lt\/lt\/"},{"@type":"ListItem","position":2,"name":"ES projektai"}]},{"@type":"WebSite","@id":"https:\/\/citygate.lt\/en\/#website","url":"https:\/\/citygate.lt\/en\/","name":"City Gate Hotel | Hotel in Vilnius Old Town","description":"Top rated for excellent location in heart of Vilnius Old Town, City Gate hotel offers spacious rooms, warm service, modern amenities, free parking, Wi-Fi, Sat-TV.","publisher":{"@id":"https:\/\/citygate.lt\/en\/#organization"},"potentialAction":[{"@type":"SearchAction","target":{"@type":"EntryPoint","urlTemplate":"https:\/\/citygate.lt\/en\/?s={search_term_string}"},"query-input":{"@type":"PropertyValueSpecification","valueRequired":true,"valueName":"search_term_string"}}],"inLanguage":"lt-LT"},{"@type":"Organization","@id":"https:\/\/citygate.lt\/en\/#organization","name":"CITY GATE hotel","url":"https:\/\/citygate.lt\/en\/","logo":{"@type":"ImageObject","inLanguage":"lt-LT","@id":"https:\/\/citygate.lt\/en\/#\/schema\/logo\/image\/","url":"https:\/\/citygate.lt\/wp-content\/uploads\/2019\/05\/cg-logo.png","contentUrl":"https:\/\/citygate.lt\/wp-content\/uploads\/2019\/05\/cg-logo.png","width":210,"height":60,"caption":"CITY GATE hotel"},"image":{"@id":"https:\/\/citygate.lt\/en\/#\/schema\/logo\/image\/"},"sameAs":["https:\/\/www.facebook.com\/CITY-GATE-hotel-116243295073449\/"]}]}},"_links":{"self":[{"href":"https:\/\/citygate.lt\/lt\/wp-json\/wp\/v2\/pages\/1912","targetHints":{"allow":["GET"]}}],"collection":[{"href":"https:\/\/citygate.lt\/lt\/wp-json\/wp\/v2\/pages"}],"about":[{"href":"https:\/\/citygate.lt\/lt\/wp-json\/wp\/v2\/types\/page"}],"author":[{"embeddable":true,"href":"https:\/\/citygate.lt\/lt\/wp-json\/wp\/v2\/users\/7"}],"replies":[{"embeddable":true,"href":"https:\/\/citygate.lt\/lt\/wp-json\/wp\/v2\/comments?post=1912"}],"version-history":[{"count":5,"href":"https:\/\/citygate.lt\/lt\/wp-json\/wp\/v2\/pages\/1912\/revisions"}],"predecessor-version":[{"id":1934,"href":"https:\/\/citygate.lt\/lt\/wp-json\/wp\/v2\/pages\/1912\/revisions\/1934"}],"wp:attachment":[{"href":"https:\/\/citygate.lt\/lt\/wp-json\/wp\/v2\/media?parent=1912"}],"curies":[{"name":"wp","href":"https:\/\/api.w.org\/{rel}","templated":true}]}}