{"id":1942,"date":"2026-03-09T21:48:03","date_gmt":"2026-03-09T21:48:03","guid":{"rendered":"https:\/\/citygate.lt\/?page_id=1942"},"modified":"2026-04-16T20:48:18","modified_gmt":"2026-04-16T20:48:18","slug":"guest-guide","status":"publish","type":"page","link":"https:\/\/citygate.lt\/lt\/guest-guide\/","title":{"rendered":"City Gate sve\u010di\u0173 gidas"},"content":{"rendered":"<p data-start=\"212\" data-end=\"280\">\ud83d\udd39 <strong data-start=\"215\" data-end=\"280\">Mieli sve\u010diai, sveiki atvyk\u0119 \u012f \u201eCity Gate\u201c vie\u0161but\u012f Vilniuje!<\/strong><\/p>\n<p data-start=\"282\" data-end=\"401\">\u0160is gidas pad\u0117s susipa\u017einti su vie\u0161bu\u010dio taisykl\u0117mis, paslaugomis ir saugumo reikalavimais. Linkime malonios vie\u0161nag\u0117s.<\/p>\n<hr data-start=\"403\" data-end=\"406\" \/>\n<p data-start=\"408\" data-end=\"465\">\ud83d\udd39 <strong data-start=\"411\" data-end=\"465\">1. Svarbiausia informacija ir bendrosios taisykl\u0117s<\/strong><\/p>\n<p data-start=\"467\" data-end=\"486\">\ud83d\udd38 <strong data-start=\"470\" data-end=\"486\">Registrat\u016bra<\/strong><\/p>\n<p data-start=\"488\" data-end=\"528\">Registrat\u016bra dirba 24\/7<\/p>\n<p data-start=\"530\" data-end=\"559\">REGISTRAT\u016aROS TEL. 900.<\/p>\n<p data-start=\"561\" data-end=\"583\">Registrat\u016broje galite:<\/p>\n<p data-start=\"585\" data-end=\"791\">\u2022 i\u0161sikviesti taksi<br data-start=\"604\" data-end=\"607\" \/>\u2022 u\u017esisakyti ekskursijas ir bilietus \u012f renginius<br data-start=\"655\" data-end=\"658\" \/>\u2022 gauti miesto \u017eem\u0117lapius ir turistin\u0119 informacij\u0105<br data-start=\"708\" data-end=\"711\" \/>\u2022 i\u0161sinuomoti automobil\u012f<br data-start=\"746\" data-end=\"749\" \/>\u2022 gauti vis\u0105 Jums reikaling\u0105 informacij\u0105 lietuvi\u0173, angl\u0173, lenk\u0173 ir rus\u0173 kalbomis<\/p>\n<p data-start=\"793\" data-end=\"822\">\ud83d\udd38 <strong data-start=\"796\" data-end=\"822\">Atvykimas ir i\u0161vykimas<\/strong><\/p>\n<p data-start=\"824\" data-end=\"881\">\u2022 Atvykimas: nuo 14:00 val.<br data-start=\"851\" data-end=\"854\" \/>\u2022 I\u0161vykimas: iki 11:00 val.<\/p>\n<p data-start=\"824\" data-end=\"881\">Ankstyvas atvykimas (nuo 10.00) &#8211; 20 Eur.<br \/>\nV\u0117lyvas i\u0161vykimas (iki 15.00) &#8211; 20 Eur.<\/p>\n<p data-start=\"883\" data-end=\"990\">Jei i\u0161vykimo dien\u0105 norite dar kur\u012f laik\u0105 palikti daiktus vie\u0161butyje, skaitykite \u017eemiau \u201eBaga\u017eo saugojimas\u201c.<\/p>\n<p data-start=\"992\" data-end=\"1016\">\ud83d\udd38 <strong data-start=\"995\" data-end=\"1016\">Papildomi sve\u010diai<\/strong><\/p>\n<p data-start=\"1018\" data-end=\"1080\">Po 23:00 val. vie\u0161butyje negali b\u016bti pa\u0161alini\u0173 asmen\u0173.<\/p>\n<p data-start=\"1082\" data-end=\"1096\">\ud83d\udd38 <strong data-start=\"1085\" data-end=\"1096\">R\u016bkymas<\/strong><\/p>\n<p data-start=\"1098\" data-end=\"1170\">Vie\u0161butyje grie\u017etai draud\u017eiama r\u016bkyti, \u012fskaitant elektronines cigaretes.<\/p>\n<p data-start=\"1172\" data-end=\"1205\">Bauda u\u017e r\u016bkym\u0105 kambaryje \u2013 50 EUR.<\/p>\n<p data-start=\"1207\" data-end=\"1230\">\ud83d\udd38 <strong data-start=\"1210\" data-end=\"1230\">Vertingi daiktai<\/strong><\/p>\n<p data-start=\"1232\" data-end=\"1313\">Vie\u0161butis neatsako u\u017e vertingus daiktus, paliktus kambariuose ar kitose vie\u0161bu\u010dio vietose.<\/p>\n<p data-start=\"1315\" data-end=\"1389\">Vertingus daiktus rekomenduojama laikyti seife registrat\u016broje (nemokamai).<\/p>\n<p data-start=\"1391\" data-end=\"1415\">\ud83d\udd38 <strong data-start=\"1394\" data-end=\"1415\">Baga\u017eo saugojimas<\/strong><\/p>\n<p data-start=\"1417\" data-end=\"1489\">Baga\u017e\u0105 galima laikinai palikti baga\u017eo saugykloje nemokamai (kreiptis \u012f administratori\u0173).<\/p>\n<hr data-start=\"1491\" data-end=\"1494\" \/>\n<p data-start=\"1496\" data-end=\"1516\">\ud83d\udd39 <strong data-start=\"1499\" data-end=\"1516\">2. Pusry\u010diai<\/strong><\/p>\n<p data-start=\"1496\" data-end=\"1516\">Pusry\u010diai pateikiami vie\u0161bu\u010dio restorane (buffet).<\/p>\n<p data-start=\"1518\" data-end=\"1617\">\u2022 Pirmadienis \u2013 Penktadienis: 07:00 \u2013 10:00<br data-start=\"1561\" data-end=\"1564\" \/>\u2022 \u0160e\u0161tadienis \u2013 Sekmadienis ir \u0161ven\u010di\u0173 dienomis: 08:00 \u2013 11:00<\/p>\n<p data-start=\"1619\" data-end=\"1715\">Jeigu turite alergij\u0173 ar maisto netoleravim\u0173, pra\u0161ome informuoti administratori\u0173.<\/p>\n<p data-start=\"1717\" data-end=\"1762\">\ud83d\udd38 <strong data-start=\"1720\" data-end=\"1762\">Ankstyvi pusry\u010diai (Express Breakfast)<\/strong><\/p>\n<p data-start=\"1764\" data-end=\"1850\">Jeigu i\u0161vykstate iki 07:00 val., galite registrat\u016broje i\u0161 anksto u\u017esisakyti ankstyvus pusry\u010dius i\u0161sine\u0161imui.<\/p>\n<hr data-start=\"1852\" data-end=\"1855\" \/>\n<p data-start=\"1857\" data-end=\"1889\">\ud83d\udd39 <strong data-start=\"1860\" data-end=\"1889\">3. Vie\u0161bu\u010dio teikiamos paslaugos ir vidaus taisykl\u0117s<\/strong><\/p>\n<p data-start=\"1891\" data-end=\"1921\">\ud83d\udd38 <strong data-start=\"1894\" data-end=\"1921\">Registrat\u016bros paslaugos<\/strong><\/p>\n<p data-start=\"1923\" data-end=\"1955\">Registrat\u016bra 24\/7<\/p>\n<p data-start=\"1957\" data-end=\"2445\">\u2022 visi atsiskaitymai u\u017e paslaugas grynaisiais ar kortel\u0117mis<br \/>\n\u2022 stacionarus kompiuteris su internetu prie recepcijos<br \/>\n\u2022 r\u016bb\u0173 skalbimas ir valymas (mokama)<br \/>\n\u2022 baga\u017eo saugykla (nemokama)<br \/>\n\u2022 seifas registrat\u016broje<br \/>\n\u2022 pa\u017eadinimo skambu\u010diai<br \/>\n\u2022 taksi i\u0161kvietimas vis\u0105 par\u0105<br \/>\n\u2022 automobili\u0173 nuoma<br \/>\n\u2022 lyginimo kambarys<br \/>\n\u2022 spausdinimo paslaugos (mokama)<br \/>\n\u2022 biliet\u0173 \u012f ekskursijas ir renginius u\u017esakymas<br \/>\n\u2022 konferencij\u0173 paslaugos<br \/>\n\u2022 liftai<br \/>\n\u2022 pasitikimas oro uoste (mokama paslauga)<\/p>\n<p data-start=\"2447\" data-end=\"2482\">Taip pat registrat\u016broje galite gauti:<\/p>\n<p data-start=\"2447\" data-end=\"2482\">\u2022 papildom\u0173 antklod\u0119 ar pagalv\u0119, rank\u0161luost\u012f, muilo ar \u0161amp\u016bno<br \/>\n\u2022 k\u016bdikio lovel\u0119<br \/>\n\u2022 telefono pakrov\u0117jus (pagal galimyb\u0119)<br \/>\n\u2022 elektrin\u012f virdul\u012f.<\/p>\n<p data-start=\"2750\" data-end=\"2785\">Kreipkit\u0117s \u012f registrat\u016br\u0105 tel. 900.<\/p>\n<p data-start=\"2787\" data-end=\"2812\">\ud83d\udd38 <strong data-start=\"2790\" data-end=\"2812\">Kambari\u0173 tvarkymas<\/strong><\/p>\n<p data-start=\"2814\" data-end=\"2851\">Kambariai tvarkomi 08:00 \u2013 16:00 val.<\/p>\n<p data-start=\"2853\" data-end=\"2924\">Jeigu nenorite b\u016bti trikdomi, pakabinkite \u201eNETRUKDYTI\u201c \u017eenkl\u0105 ant dur\u0173. Tokiu atveju, kambarys tvarkomas nebus.<\/p>\n<p data-start=\"3045\" data-end=\"3061\">\ud83d\udd38 <strong data-start=\"3048\" data-end=\"3061\">Ekologija<\/strong><\/p>\n<p data-start=\"3063\" data-end=\"3109\">Siekiant taupyti energij\u0105 ir vanden\u012f, atkreipiame J\u016bs\u0173 d\u0117mes\u012f:<\/p>\n<p data-start=\"3063\" data-end=\"3109\">\u2022 jei rank\u0161luos\u010dius paliekate WC patalpoje ant grind\u0173 \u2013 jie bus pakeisti<br \/>\n\u2022 jei rank\u0161luos\u010diai pakabinti \u2013 jie nebus pakeisti.<\/p>\n<hr data-start=\"3263\" data-end=\"3266\" \/>\n<p data-start=\"3268\" data-end=\"3302\">\ud83d\udd39 <strong data-start=\"3271\" data-end=\"3302\">4. Internetas ir televizija<\/strong><\/p>\n<p data-start=\"3304\" data-end=\"3321\">\ud83d\udd38 <strong data-start=\"3307\" data-end=\"3321\">Internetas<\/strong><\/p>\n<p data-start=\"3323\" data-end=\"3374\">Nemokamas WiFi internetas veikia visame vie\u0161butyje.<\/p>\n<p data-start=\"3376\" data-end=\"3444\">Tinklai: <strong data-start=\"3385\" data-end=\"3411\">Citygate-{pavadinimas}<\/strong><br data-start=\"3411\" data-end=\"3414\" \/>Slapta\u017eodis: <strong data-start=\"3427\" data-end=\"3444\">citygatehotel<\/strong><\/p>\n<p data-start=\"3446\" data-end=\"3506\">Jei pageidaujate atsispausdinti dokument\u0105, si\u0173skite failus el. pa\u0161tu: hotel@citygate.lt (mokama paslauga).<\/p>\n<p data-start=\"3581\" data-end=\"3598\">\ud83d\udd38 <strong data-start=\"3584\" data-end=\"3598\">Televizija<\/strong><\/p>\n<p data-start=\"3600\" data-end=\"3702\">Visuose vie\u0161bu\u010dio kambariuose yra 37\u2033 televizoriai su daugiau nei 30 kabelin\u0117s televizijos kanal\u0173 \u012fvairiomis kalbomis.<\/p>\n<hr data-start=\"3704\" data-end=\"3707\" \/>\n<p data-start=\"3709\" data-end=\"3734\">\ud83d\udd39 <strong data-start=\"3712\" data-end=\"3734\">5. Kambari\u0173 \u012franga<\/strong><\/p>\n<p data-start=\"3736\" data-end=\"3762\">Kiekviename kambaryje yra:<\/p>\n<p data-start=\"3764\" data-end=\"4039\">\u2022 pla\u010diaekranis 37\u2033 televizorius<br \/>\n\u2022 nemokamas spartus internetas<br \/>\n\u2022 oro kondicionierius<br \/>\n\u2022 wc kambarys su vonia arba du\u0161u<br \/>\n\u2022 plauk\u0173 d\u017eiovintuvas<br \/>\n\u2022 patogios vienviet\u0117s ar dviviet\u0117s lovos<br \/>\n\u2022 patog\u016bs baldai<br \/>\n\u2022 telefonas<br \/>\n\u2022 \u0161aldytuvas<br \/>\n\u2022 elektroninis kambario raktas<\/p>\n<p data-start=\"4041\" data-end=\"4089\">Taip pat yra kambari\u0173, pritaikyt\u0173 ne\u012fgaliesiems.<\/p>\n<hr data-start=\"4091\" data-end=\"4094\" \/>\n<p data-start=\"4096\" data-end=\"4115\">\ud83d\udd39 <strong data-start=\"4099\" data-end=\"4115\">6. Telefonas<\/strong><\/p>\n<p data-start=\"4117\" data-end=\"4138\">REGISTRAT\u016aROS TEL.\u00a0900<\/p>\n<p data-start=\"4117\" data-end=\"4138\">Nor\u0117dami paskambinti \u012f kit\u0105 kambar\u012f, surinkite to kambario numer\u012f.<\/p>\n<hr data-start=\"4306\" data-end=\"4309\" \/>\n<p data-start=\"4311\" data-end=\"4352\">\ud83d\udd39 <strong data-start=\"4314\" data-end=\"4352\">7. Saugumas ir prie\u0161gaisrin\u0117 sauga<\/strong><\/p>\n<p data-start=\"4354\" data-end=\"4451\">J\u016bs\u0173 kambario dur\u0173 vidin\u0117je pus\u0117je rasite evakuacijos plan\u0105, kuriame pa\u017eym\u0117ti avariniai i\u0161\u0117jimai.<br \/>\nVie\u0161bu\u010dio personalas yra apmokytas veikti evakuacijos atveju.<\/p>\n<p data-start=\"4516\" data-end=\"4545\">\ud83d\udd38 <strong data-start=\"4519\" data-end=\"4545\">Jei pasteb\u0117jote gaisr\u0105<\/strong><\/p>\n<p data-start=\"4547\" data-end=\"4701\">\u2022 nedelsiant prane\u0161kite registrat\u016brai (tel. 900)<br data-start=\"4595\" data-end=\"4598\" \/>\u2022 i\u0161eikite i\u0161 kambario<br data-start=\"4620\" data-end=\"4623\" \/>\u2022 u\u017edarykite duris<br data-start=\"4641\" data-end=\"4644\" \/>\u2022 paspauskite prie\u0161gaisrinio pavojaus mygtuk\u0105 koridoriuje<\/p>\n<p data-start=\"4703\" data-end=\"4740\">\ud83d\udd38 <strong data-start=\"4706\" data-end=\"4740\">Jei i\u0161girdote gaisrin\u012f signal\u0105<\/strong><\/p>\n<p data-start=\"4742\" data-end=\"4899\">\u2022 palikite kambar\u012f ir naudokit\u0117s artimiausiu evakuacijos keliu<br data-start=\"4804\" data-end=\"4807\" \/>\u2022 nesinaudokite liftu<br data-start=\"4828\" data-end=\"4831\" \/>\u2022 eikite \u012f susirinkimo viet\u0105 vie\u0161bu\u010dio kieme prie pagrindinio \u012f\u0117jimo<\/p>\n<hr data-start=\"4901\" data-end=\"4904\" \/>\n<p data-start=\"4906\" data-end=\"4929\">\ud83d\udd39 <strong data-start=\"4909\" data-end=\"4929\">8. Apie vie\u0161but\u012f<\/strong><\/p>\n<p data-start=\"4931\" data-end=\"5194\">Vie\u0161butis \u201eCity Gate\u201c \u012fsik\u016br\u0119s pa\u010diame Vilniaus senamiestyje, \u0161alia sen\u0173j\u0173 miesto vart\u0173 (XVI a.), visame pasaulyje \u017einom\u0173 kaip Au\u0161ros vartai. \u0160v\u010d. Mergel\u0117s Marijos paveikslas, eksponuojamas Au\u0161ros vart\u0173 koply\u010dioje, yra vienas garsiausi\u0173 Renesanso epochos k\u016brini\u0173.<br \/>\n2002 m. prie pat miesto slenks\u010dio atidarytas vie\u0161butis \u201eCity Gate\u201c, \u012fsik\u016br\u0119s renovuotuose XIX a. istoriniuose pastatuose. Remiantis istoriniais \u0161altiniais, prie\u0161 daugiau nei 100 met\u0173 \u010dia veik\u0117 taip vadinami \u201eu\u017eva\u017eiuojamieji namai\u201c su kambariais sve\u010diams, kar\u010dema, alaus bravoru, arklid\u0117mis sve\u010di\u0173 arkliams ir karietoms.<br \/>\nIr \u0161iais laikais vie\u0161butis laukia sve\u010di\u0173 ir si\u016blo patog\u0173 ir ram\u0173 poils\u012f.<br \/>\n2020 m.renovuotas ir i\u0161pl\u0117stas vie\u0161butis si\u016blo jaukius, stilingus ir patogiai \u012frengtus kambarius, 3 konferencij\u0173 sales, jauk\u0173 restoran\u0105 ir vidinius kiemelius. \u010cia rasite ramyb\u0119 ir atsip\u016bsite nuo miesto \u0161urmulio. O visos senojo Vilniaus istorin\u0117s gro\u017eyb\u0117s ir \u012fdomus sostin\u0117s naktinis gyvenimas visai \u010dia pat &#8211; vos kelios minut\u0117s p\u0117s\u010diomis. Puiki\u0173 Jums \u012fsp\u016bd\u017ei\u0173 ir ramios vie\u0161nag\u0117s vie\u0161butyje CITY GATE.<\/p>\n","protected":false},"excerpt":{"rendered":"<p>\ud83d\udd39 Mieli sve\u010diai, sveiki atvyk\u0119 \u012f \u201eCity Gate\u201c vie\u0161but\u012f Vilniuje! \u0160is gidas pad\u0117s susipa\u017einti su vie\u0161bu\u010dio taisykl\u0117mis, paslaugomis ir saugumo reikalavimais. Linkime malonios vie\u0161nag\u0117s. \ud83d\udd39 1. Svarbiausia informacija ir bendrosios taisykl\u0117s \ud83d\udd38 Registrat\u016bra Registrat\u016bra dirba 24\/7 REGISTRAT\u016aROS TEL. 900. Registrat\u016broje galite: \u2022 i\u0161sikviesti taksi\u2022 u\u017esisakyti ekskursijas ir bilietus \u012f renginius\u2022 gauti miesto \u017eem\u0117lapius ir turistin\u0119 [&hellip;]<\/p>\n","protected":false},"author":7,"featured_media":0,"parent":0,"menu_order":0,"comment_status":"closed","ping_status":"closed","template":"","meta":{"_acf_changed":false,"footnotes":""},"class_list":["post-1942","page","type-page","status-publish","hentry"],"acf":[],"yoast_head":"<!-- This site is optimized with the Yoast SEO plugin v24.3 - https:\/\/yoast.com\/wordpress\/plugins\/seo\/ -->\n<title>City Gate sve\u010di\u0173 gidas | City Gate Hotel | Hotel in Vilnius Old Town<\/title>\n<meta name=\"robots\" content=\"index, follow, max-snippet:-1, max-image-preview:large, max-video-preview:-1\" \/>\n<link rel=\"canonical\" href=\"https:\/\/citygate.lt\/lt\/guest-guide\/\" \/>\n<meta property=\"og:locale\" content=\"lt_LT\" \/>\n<meta property=\"og:type\" content=\"article\" \/>\n<meta property=\"og:title\" content=\"City Gate sve\u010di\u0173 gidas | City Gate Hotel | Hotel in Vilnius Old Town\" \/>\n<meta property=\"og:description\" content=\"\ud83d\udd39 Mieli sve\u010diai, sveiki atvyk\u0119 \u012f \u201eCity Gate\u201c vie\u0161but\u012f Vilniuje! \u0160is gidas pad\u0117s susipa\u017einti su vie\u0161bu\u010dio taisykl\u0117mis, paslaugomis ir saugumo reikalavimais. Linkime malonios vie\u0161nag\u0117s. \ud83d\udd39 1. Svarbiausia informacija ir bendrosios taisykl\u0117s \ud83d\udd38 Registrat\u016bra Registrat\u016bra dirba 24\/7 REGISTRAT\u016aROS TEL. 900. Registrat\u016broje galite: \u2022 i\u0161sikviesti taksi\u2022 u\u017esisakyti ekskursijas ir bilietus \u012f renginius\u2022 gauti miesto \u017eem\u0117lapius ir turistin\u0119 [&hellip;]\" \/>\n<meta property=\"og:url\" content=\"https:\/\/citygate.lt\/lt\/guest-guide\/\" \/>\n<meta property=\"og:site_name\" content=\"City Gate Hotel | Hotel in Vilnius Old Town\" \/>\n<meta property=\"article:publisher\" content=\"https:\/\/www.facebook.com\/CITY-GATE-hotel-116243295073449\/\" \/>\n<meta property=\"article:modified_time\" content=\"2026-04-16T20:48:18+00:00\" \/>\n<meta property=\"og:image\" content=\"https:\/\/citygate.lt\/wp-content\/uploads\/2019\/03\/cg1-1.jpg\" \/>\n\t<meta property=\"og:image:width\" content=\"840\" \/>\n\t<meta property=\"og:image:height\" content=\"588\" \/>\n\t<meta property=\"og:image:type\" content=\"image\/jpeg\" \/>\n<meta name=\"twitter:card\" content=\"summary_large_image\" \/>\n<meta name=\"twitter:label1\" content=\"Est. reading time\" \/>\n\t<meta name=\"twitter:data1\" content=\"4 minut\u0117s\" \/>\n<script type=\"application\/ld+json\" class=\"yoast-schema-graph\">{\"@context\":\"https:\/\/schema.org\",\"@graph\":[{\"@type\":\"WebPage\",\"@id\":\"https:\/\/citygate.lt\/lt\/guest-guide\/\",\"url\":\"https:\/\/citygate.lt\/lt\/guest-guide\/\",\"name\":\"City Gate sve\u010di\u0173 gidas | City Gate Hotel | Hotel in Vilnius Old Town\",\"isPartOf\":{\"@id\":\"https:\/\/citygate.lt\/en\/#website\"},\"datePublished\":\"2026-03-09T21:48:03+00:00\",\"dateModified\":\"2026-04-16T20:48:18+00:00\",\"breadcrumb\":{\"@id\":\"https:\/\/citygate.lt\/lt\/guest-guide\/#breadcrumb\"},\"inLanguage\":\"lt-LT\",\"potentialAction\":[{\"@type\":\"ReadAction\",\"target\":[\"https:\/\/citygate.lt\/lt\/guest-guide\/\"]}]},{\"@type\":\"BreadcrumbList\",\"@id\":\"https:\/\/citygate.lt\/lt\/guest-guide\/#breadcrumb\",\"itemListElement\":[{\"@type\":\"ListItem\",\"position\":1,\"name\":\"Home\",\"item\":\"https:\/\/citygate.lt\/lt\/\"},{\"@type\":\"ListItem\",\"position\":2,\"name\":\"City Gate sve\u010di\u0173 gidas\"}]},{\"@type\":\"WebSite\",\"@id\":\"https:\/\/citygate.lt\/en\/#website\",\"url\":\"https:\/\/citygate.lt\/en\/\",\"name\":\"City Gate Hotel | Hotel in Vilnius Old Town\",\"description\":\"Top rated for excellent location in heart of Vilnius Old Town, City Gate hotel offers spacious rooms, warm service, modern amenities, free parking, Wi-Fi, Sat-TV.\",\"publisher\":{\"@id\":\"https:\/\/citygate.lt\/en\/#organization\"},\"potentialAction\":[{\"@type\":\"SearchAction\",\"target\":{\"@type\":\"EntryPoint\",\"urlTemplate\":\"https:\/\/citygate.lt\/en\/?s={search_term_string}\"},\"query-input\":{\"@type\":\"PropertyValueSpecification\",\"valueRequired\":true,\"valueName\":\"search_term_string\"}}],\"inLanguage\":\"lt-LT\"},{\"@type\":\"Organization\",\"@id\":\"https:\/\/citygate.lt\/en\/#organization\",\"name\":\"CITY GATE hotel\",\"url\":\"https:\/\/citygate.lt\/en\/\",\"logo\":{\"@type\":\"ImageObject\",\"inLanguage\":\"lt-LT\",\"@id\":\"https:\/\/citygate.lt\/en\/#\/schema\/logo\/image\/\",\"url\":\"https:\/\/citygate.lt\/wp-content\/uploads\/2019\/05\/cg-logo.png\",\"contentUrl\":\"https:\/\/citygate.lt\/wp-content\/uploads\/2019\/05\/cg-logo.png\",\"width\":210,\"height\":60,\"caption\":\"CITY GATE hotel\"},\"image\":{\"@id\":\"https:\/\/citygate.lt\/en\/#\/schema\/logo\/image\/\"},\"sameAs\":[\"https:\/\/www.facebook.com\/CITY-GATE-hotel-116243295073449\/\"]}]}<\/script>\n<!-- \/ Yoast SEO plugin. -->","yoast_head_json":{"title":"City Gate sve\u010di\u0173 gidas | City Gate Hotel | Hotel in Vilnius Old Town","robots":{"index":"index","follow":"follow","max-snippet":"max-snippet:-1","max-image-preview":"max-image-preview:large","max-video-preview":"max-video-preview:-1"},"canonical":"https:\/\/citygate.lt\/lt\/guest-guide\/","og_locale":"lt_LT","og_type":"article","og_title":"City Gate sve\u010di\u0173 gidas | City Gate Hotel | Hotel in Vilnius Old Town","og_description":"\ud83d\udd39 Mieli sve\u010diai, sveiki atvyk\u0119 \u012f \u201eCity Gate\u201c vie\u0161but\u012f Vilniuje! \u0160is gidas pad\u0117s susipa\u017einti su vie\u0161bu\u010dio taisykl\u0117mis, paslaugomis ir saugumo reikalavimais. Linkime malonios vie\u0161nag\u0117s. \ud83d\udd39 1. Svarbiausia informacija ir bendrosios taisykl\u0117s \ud83d\udd38 Registrat\u016bra Registrat\u016bra dirba 24\/7 REGISTRAT\u016aROS TEL. 900. Registrat\u016broje galite: \u2022 i\u0161sikviesti taksi\u2022 u\u017esisakyti ekskursijas ir bilietus \u012f renginius\u2022 gauti miesto \u017eem\u0117lapius ir turistin\u0119 [&hellip;]","og_url":"https:\/\/citygate.lt\/lt\/guest-guide\/","og_site_name":"City Gate Hotel | Hotel in Vilnius Old Town","article_publisher":"https:\/\/www.facebook.com\/CITY-GATE-hotel-116243295073449\/","article_modified_time":"2026-04-16T20:48:18+00:00","og_image":[{"width":840,"height":588,"url":"https:\/\/citygate.lt\/wp-content\/uploads\/2019\/03\/cg1-1.jpg","type":"image\/jpeg"}],"twitter_card":"summary_large_image","twitter_misc":{"Est. reading time":"4 minut\u0117s"},"schema":{"@context":"https:\/\/schema.org","@graph":[{"@type":"WebPage","@id":"https:\/\/citygate.lt\/lt\/guest-guide\/","url":"https:\/\/citygate.lt\/lt\/guest-guide\/","name":"City Gate sve\u010di\u0173 gidas | City Gate Hotel | Hotel in Vilnius Old Town","isPartOf":{"@id":"https:\/\/citygate.lt\/en\/#website"},"datePublished":"2026-03-09T21:48:03+00:00","dateModified":"2026-04-16T20:48:18+00:00","breadcrumb":{"@id":"https:\/\/citygate.lt\/lt\/guest-guide\/#breadcrumb"},"inLanguage":"lt-LT","potentialAction":[{"@type":"ReadAction","target":["https:\/\/citygate.lt\/lt\/guest-guide\/"]}]},{"@type":"BreadcrumbList","@id":"https:\/\/citygate.lt\/lt\/guest-guide\/#breadcrumb","itemListElement":[{"@type":"ListItem","position":1,"name":"Home","item":"https:\/\/citygate.lt\/lt\/"},{"@type":"ListItem","position":2,"name":"City Gate sve\u010di\u0173 gidas"}]},{"@type":"WebSite","@id":"https:\/\/citygate.lt\/en\/#website","url":"https:\/\/citygate.lt\/en\/","name":"City Gate Hotel | Hotel in Vilnius Old Town","description":"Top rated for excellent location in heart of Vilnius Old Town, City Gate hotel offers spacious rooms, warm service, modern amenities, free parking, Wi-Fi, Sat-TV.","publisher":{"@id":"https:\/\/citygate.lt\/en\/#organization"},"potentialAction":[{"@type":"SearchAction","target":{"@type":"EntryPoint","urlTemplate":"https:\/\/citygate.lt\/en\/?s={search_term_string}"},"query-input":{"@type":"PropertyValueSpecification","valueRequired":true,"valueName":"search_term_string"}}],"inLanguage":"lt-LT"},{"@type":"Organization","@id":"https:\/\/citygate.lt\/en\/#organization","name":"CITY GATE hotel","url":"https:\/\/citygate.lt\/en\/","logo":{"@type":"ImageObject","inLanguage":"lt-LT","@id":"https:\/\/citygate.lt\/en\/#\/schema\/logo\/image\/","url":"https:\/\/citygate.lt\/wp-content\/uploads\/2019\/05\/cg-logo.png","contentUrl":"https:\/\/citygate.lt\/wp-content\/uploads\/2019\/05\/cg-logo.png","width":210,"height":60,"caption":"CITY GATE hotel"},"image":{"@id":"https:\/\/citygate.lt\/en\/#\/schema\/logo\/image\/"},"sameAs":["https:\/\/www.facebook.com\/CITY-GATE-hotel-116243295073449\/"]}]}},"_links":{"self":[{"href":"https:\/\/citygate.lt\/lt\/wp-json\/wp\/v2\/pages\/1942","targetHints":{"allow":["GET"]}}],"collection":[{"href":"https:\/\/citygate.lt\/lt\/wp-json\/wp\/v2\/pages"}],"about":[{"href":"https:\/\/citygate.lt\/lt\/wp-json\/wp\/v2\/types\/page"}],"author":[{"embeddable":true,"href":"https:\/\/citygate.lt\/lt\/wp-json\/wp\/v2\/users\/7"}],"replies":[{"embeddable":true,"href":"https:\/\/citygate.lt\/lt\/wp-json\/wp\/v2\/comments?post=1942"}],"version-history":[{"count":10,"href":"https:\/\/citygate.lt\/lt\/wp-json\/wp\/v2\/pages\/1942\/revisions"}],"predecessor-version":[{"id":1953,"href":"https:\/\/citygate.lt\/lt\/wp-json\/wp\/v2\/pages\/1942\/revisions\/1953"}],"wp:attachment":[{"href":"https:\/\/citygate.lt\/lt\/wp-json\/wp\/v2\/media?parent=1942"}],"curies":[{"name":"wp","href":"https:\/\/api.w.org\/{rel}","templated":true}]}}