{"id":1003,"date":"2019-04-15T14:22:41","date_gmt":"2019-04-15T14:22:41","guid":{"rendered":"https:\/\/citygate.lt\/sales\/"},"modified":"2023-08-04T10:01:45","modified_gmt":"2023-08-04T10:01:45","slug":"konferencji","status":"publish","type":"page","link":"https:\/\/citygate.lt\/pl\/konferencji\/","title":{"rendered":"Konferencji"},"content":{"rendered":"<p>Hotel oferuje 3 przestronne, naturalnie o\u015bwietlone, nowocze\u015bnie wyposa\u017cone sale na organizowane przez Pa\u0144stwo przedsi\u0119wzi\u0119cia, seminaria, konferencje, spotkania biznesowe lub szkolenia. Uczestnikom konferencji organizujemy przerwy na kaw\u0119, podajemy lunche biznesowe lub kolacje.<\/p>\n","protected":false},"excerpt":{"rendered":"<p>Hotel oferuje 3 przestronne, naturalnie o\u015bwietlone, nowocze\u015bnie wyposa\u017cone sale na organizowane przez Pa\u0144stwo przedsi\u0119wzi\u0119cia, seminaria, konferencje, spotkania biznesowe lub szkolenia. Uczestnikom konferencji organizujemy przerwy na kaw\u0119, podajemy lunche biznesowe lub kolacje.<\/p>\n","protected":false},"author":2,"featured_media":1005,"parent":0,"menu_order":0,"comment_status":"closed","ping_status":"closed","template":"conference.php","meta":{"_acf_changed":false,"footnotes":""},"class_list":["post-1003","page","type-page","status-publish","has-post-thumbnail","hentry"],"acf":[],"yoast_head":"<!-- This site is optimized with the Yoast SEO plugin v24.3 - https:\/\/yoast.com\/wordpress\/plugins\/seo\/ -->\n<title>Konferencji | City Gate Hotel | Hotel na Star\u00f3wce Wile\u0144skiej<\/title>\n<meta name=\"description\" content=\"Hotel oferuje 3 przestronne, naturalnie o\u015bwietlone, nowocze\u015bnie wyposa\u017cone sale na organizowane przez Pa\u0144stwo przedsi\u0119wzi\u0119cia, seminaria, konferencje, spotkania biznesowe lub szkolenia. Uczestnikom konferencji organizujemy przerwy na kaw\u0119, podajemy lunche biznesowe lub kolacje.\" \/>\n<meta name=\"robots\" content=\"index, follow, max-snippet:-1, max-image-preview:large, max-video-preview:-1\" \/>\n<link rel=\"canonical\" href=\"https:\/\/citygate.lt\/sales\/\" \/>\n<meta property=\"og:locale\" content=\"pl_PL\" \/>\n<meta property=\"og:type\" content=\"article\" \/>\n<meta property=\"og:title\" content=\"Konferencji | City Gate Hotel | Hotel na Star\u00f3wce Wile\u0144skiej\" \/>\n<meta property=\"og:description\" content=\"Hotel oferuje 3 przestronne, naturalnie o\u015bwietlone, nowocze\u015bnie wyposa\u017cone sale na organizowane przez Pa\u0144stwo przedsi\u0119wzi\u0119cia, seminaria, konferencje, spotkania biznesowe lub szkolenia. Uczestnikom konferencji organizujemy przerwy na kaw\u0119, podajemy lunche biznesowe lub kolacje.\" \/>\n<meta property=\"og:url\" content=\"https:\/\/citygate.lt\/sales\/\" \/>\n<meta property=\"og:site_name\" content=\"City Gate Hotel | Hotel in Vilnius Old Town\" \/>\n<meta property=\"article:publisher\" content=\"https:\/\/www.facebook.com\/CITY-GATE-hotel-116243295073449\/\" \/>\n<meta property=\"article:modified_time\" content=\"2023-08-04T10:01:45+00:00\" \/>\n<meta property=\"og:image\" content=\"https:\/\/citygate.lt\/wp-content\/uploads\/2019\/04\/sales-city-gate.jpg\" \/>\n\t<meta property=\"og:image:width\" content=\"1620\" \/>\n\t<meta property=\"og:image:height\" content=\"470\" \/>\n\t<meta property=\"og:image:type\" content=\"image\/jpeg\" \/>\n<meta name=\"twitter:card\" content=\"summary_large_image\" \/>\n<meta name=\"twitter:label1\" content=\"Szacowany czas czytania\" \/>\n\t<meta name=\"twitter:data1\" content=\"1 minuta\" \/>\n<script type=\"application\/ld+json\" class=\"yoast-schema-graph\">{\"@context\":\"https:\/\/schema.org\",\"@graph\":[{\"@type\":\"WebPage\",\"@id\":\"https:\/\/citygate.lt\/sales\/\",\"url\":\"https:\/\/citygate.lt\/sales\/\",\"name\":\"Konferencji | City Gate Hotel | Hotel na Star\u00f3wce Wile\u0144skiej\",\"isPartOf\":{\"@id\":\"https:\/\/citygate.lt\/en\/#website\"},\"primaryImageOfPage\":{\"@id\":\"https:\/\/citygate.lt\/sales\/#primaryimage\"},\"image\":{\"@id\":\"https:\/\/citygate.lt\/sales\/#primaryimage\"},\"thumbnailUrl\":\"https:\/\/citygate.lt\/wp-content\/uploads\/2019\/04\/sales-city-gate.jpg\",\"datePublished\":\"2019-04-15T14:22:41+00:00\",\"dateModified\":\"2023-08-04T10:01:45+00:00\",\"description\":\"Hotel oferuje 3 przestronne, naturalnie o\u015bwietlone, nowocze\u015bnie wyposa\u017cone sale na organizowane przez Pa\u0144stwo przedsi\u0119wzi\u0119cia, seminaria, konferencje, spotkania biznesowe lub szkolenia. Uczestnikom konferencji organizujemy przerwy na kaw\u0119, podajemy lunche biznesowe lub kolacje.\",\"breadcrumb\":{\"@id\":\"https:\/\/citygate.lt\/sales\/#breadcrumb\"},\"inLanguage\":\"pl-PL\",\"potentialAction\":[{\"@type\":\"ReadAction\",\"target\":[\"https:\/\/citygate.lt\/sales\/\"]}]},{\"@type\":\"ImageObject\",\"inLanguage\":\"pl-PL\",\"@id\":\"https:\/\/citygate.lt\/sales\/#primaryimage\",\"url\":\"https:\/\/citygate.lt\/wp-content\/uploads\/2019\/04\/sales-city-gate.jpg\",\"contentUrl\":\"https:\/\/citygate.lt\/wp-content\/uploads\/2019\/04\/sales-city-gate.jpg\",\"width\":1620,\"height\":470,\"caption\":\"Vilniaus Vie\u0161butis CityHotel konferencij\u0173 sal\u0117\"},{\"@type\":\"BreadcrumbList\",\"@id\":\"https:\/\/citygate.lt\/sales\/#breadcrumb\",\"itemListElement\":[{\"@type\":\"ListItem\",\"position\":1,\"name\":\"Home\",\"item\":\"https:\/\/citygate.lt\/pl\/\"},{\"@type\":\"ListItem\",\"position\":2,\"name\":\"Konferencji\"}]},{\"@type\":\"WebSite\",\"@id\":\"https:\/\/citygate.lt\/en\/#website\",\"url\":\"https:\/\/citygate.lt\/en\/\",\"name\":\"City Gate Hotel | Hotel in Vilnius Old Town\",\"description\":\"Top rated for excellent location in heart of Vilnius Old Town, City Gate hotel offers spacious rooms, warm service, modern amenities, free parking, Wi-Fi, Sat-TV.\",\"publisher\":{\"@id\":\"https:\/\/citygate.lt\/en\/#organization\"},\"potentialAction\":[{\"@type\":\"SearchAction\",\"target\":{\"@type\":\"EntryPoint\",\"urlTemplate\":\"https:\/\/citygate.lt\/en\/?s={search_term_string}\"},\"query-input\":{\"@type\":\"PropertyValueSpecification\",\"valueRequired\":true,\"valueName\":\"search_term_string\"}}],\"inLanguage\":\"pl-PL\"},{\"@type\":\"Organization\",\"@id\":\"https:\/\/citygate.lt\/en\/#organization\",\"name\":\"CITY GATE hotel\",\"url\":\"https:\/\/citygate.lt\/en\/\",\"logo\":{\"@type\":\"ImageObject\",\"inLanguage\":\"pl-PL\",\"@id\":\"https:\/\/citygate.lt\/en\/#\/schema\/logo\/image\/\",\"url\":\"https:\/\/citygate.lt\/wp-content\/uploads\/2019\/05\/cg-logo.png\",\"contentUrl\":\"https:\/\/citygate.lt\/wp-content\/uploads\/2019\/05\/cg-logo.png\",\"width\":210,\"height\":60,\"caption\":\"CITY GATE hotel\"},\"image\":{\"@id\":\"https:\/\/citygate.lt\/en\/#\/schema\/logo\/image\/\"},\"sameAs\":[\"https:\/\/www.facebook.com\/CITY-GATE-hotel-116243295073449\/\"]}]}<\/script>\n<!-- \/ Yoast SEO plugin. -->","yoast_head_json":{"title":"Konferencji | City Gate Hotel | Hotel na Star\u00f3wce Wile\u0144skiej","description":"Hotel oferuje 3 przestronne, naturalnie o\u015bwietlone, nowocze\u015bnie wyposa\u017cone sale na organizowane przez Pa\u0144stwo przedsi\u0119wzi\u0119cia, seminaria, konferencje, spotkania biznesowe lub szkolenia. Uczestnikom konferencji organizujemy przerwy na kaw\u0119, podajemy lunche biznesowe lub kolacje.","robots":{"index":"index","follow":"follow","max-snippet":"max-snippet:-1","max-image-preview":"max-image-preview:large","max-video-preview":"max-video-preview:-1"},"canonical":"https:\/\/citygate.lt\/sales\/","og_locale":"pl_PL","og_type":"article","og_title":"Konferencji | City Gate Hotel | Hotel na Star\u00f3wce Wile\u0144skiej","og_description":"Hotel oferuje 3 przestronne, naturalnie o\u015bwietlone, nowocze\u015bnie wyposa\u017cone sale na organizowane przez Pa\u0144stwo przedsi\u0119wzi\u0119cia, seminaria, konferencje, spotkania biznesowe lub szkolenia. Uczestnikom konferencji organizujemy przerwy na kaw\u0119, podajemy lunche biznesowe lub kolacje.","og_url":"https:\/\/citygate.lt\/sales\/","og_site_name":"City Gate Hotel | Hotel in Vilnius Old Town","article_publisher":"https:\/\/www.facebook.com\/CITY-GATE-hotel-116243295073449\/","article_modified_time":"2023-08-04T10:01:45+00:00","og_image":[{"width":1620,"height":470,"url":"https:\/\/citygate.lt\/wp-content\/uploads\/2019\/04\/sales-city-gate.jpg","type":"image\/jpeg"}],"twitter_card":"summary_large_image","twitter_misc":{"Szacowany czas czytania":"1 minuta"},"schema":{"@context":"https:\/\/schema.org","@graph":[{"@type":"WebPage","@id":"https:\/\/citygate.lt\/sales\/","url":"https:\/\/citygate.lt\/sales\/","name":"Konferencji | City Gate Hotel | Hotel na Star\u00f3wce Wile\u0144skiej","isPartOf":{"@id":"https:\/\/citygate.lt\/en\/#website"},"primaryImageOfPage":{"@id":"https:\/\/citygate.lt\/sales\/#primaryimage"},"image":{"@id":"https:\/\/citygate.lt\/sales\/#primaryimage"},"thumbnailUrl":"https:\/\/citygate.lt\/wp-content\/uploads\/2019\/04\/sales-city-gate.jpg","datePublished":"2019-04-15T14:22:41+00:00","dateModified":"2023-08-04T10:01:45+00:00","description":"Hotel oferuje 3 przestronne, naturalnie o\u015bwietlone, nowocze\u015bnie wyposa\u017cone sale na organizowane przez Pa\u0144stwo przedsi\u0119wzi\u0119cia, seminaria, konferencje, spotkania biznesowe lub szkolenia. Uczestnikom konferencji organizujemy przerwy na kaw\u0119, podajemy lunche biznesowe lub kolacje.","breadcrumb":{"@id":"https:\/\/citygate.lt\/sales\/#breadcrumb"},"inLanguage":"pl-PL","potentialAction":[{"@type":"ReadAction","target":["https:\/\/citygate.lt\/sales\/"]}]},{"@type":"ImageObject","inLanguage":"pl-PL","@id":"https:\/\/citygate.lt\/sales\/#primaryimage","url":"https:\/\/citygate.lt\/wp-content\/uploads\/2019\/04\/sales-city-gate.jpg","contentUrl":"https:\/\/citygate.lt\/wp-content\/uploads\/2019\/04\/sales-city-gate.jpg","width":1620,"height":470,"caption":"Vilniaus Vie\u0161butis CityHotel konferencij\u0173 sal\u0117"},{"@type":"BreadcrumbList","@id":"https:\/\/citygate.lt\/sales\/#breadcrumb","itemListElement":[{"@type":"ListItem","position":1,"name":"Home","item":"https:\/\/citygate.lt\/pl\/"},{"@type":"ListItem","position":2,"name":"Konferencji"}]},{"@type":"WebSite","@id":"https:\/\/citygate.lt\/en\/#website","url":"https:\/\/citygate.lt\/en\/","name":"City Gate Hotel | Hotel in Vilnius Old Town","description":"Top rated for excellent location in heart of Vilnius Old Town, City Gate hotel offers spacious rooms, warm service, modern amenities, free parking, Wi-Fi, Sat-TV.","publisher":{"@id":"https:\/\/citygate.lt\/en\/#organization"},"potentialAction":[{"@type":"SearchAction","target":{"@type":"EntryPoint","urlTemplate":"https:\/\/citygate.lt\/en\/?s={search_term_string}"},"query-input":{"@type":"PropertyValueSpecification","valueRequired":true,"valueName":"search_term_string"}}],"inLanguage":"pl-PL"},{"@type":"Organization","@id":"https:\/\/citygate.lt\/en\/#organization","name":"CITY GATE hotel","url":"https:\/\/citygate.lt\/en\/","logo":{"@type":"ImageObject","inLanguage":"pl-PL","@id":"https:\/\/citygate.lt\/en\/#\/schema\/logo\/image\/","url":"https:\/\/citygate.lt\/wp-content\/uploads\/2019\/05\/cg-logo.png","contentUrl":"https:\/\/citygate.lt\/wp-content\/uploads\/2019\/05\/cg-logo.png","width":210,"height":60,"caption":"CITY GATE hotel"},"image":{"@id":"https:\/\/citygate.lt\/en\/#\/schema\/logo\/image\/"},"sameAs":["https:\/\/www.facebook.com\/CITY-GATE-hotel-116243295073449\/"]}]}},"_links":{"self":[{"href":"https:\/\/citygate.lt\/pl\/wp-json\/wp\/v2\/pages\/1003","targetHints":{"allow":["GET"]}}],"collection":[{"href":"https:\/\/citygate.lt\/pl\/wp-json\/wp\/v2\/pages"}],"about":[{"href":"https:\/\/citygate.lt\/pl\/wp-json\/wp\/v2\/types\/page"}],"author":[{"embeddable":true,"href":"https:\/\/citygate.lt\/pl\/wp-json\/wp\/v2\/users\/2"}],"replies":[{"embeddable":true,"href":"https:\/\/citygate.lt\/pl\/wp-json\/wp\/v2\/comments?post=1003"}],"version-history":[{"count":9,"href":"https:\/\/citygate.lt\/pl\/wp-json\/wp\/v2\/pages\/1003\/revisions"}],"predecessor-version":[{"id":1858,"href":"https:\/\/citygate.lt\/pl\/wp-json\/wp\/v2\/pages\/1003\/revisions\/1858"}],"wp:featuredmedia":[{"embeddable":true,"href":"https:\/\/citygate.lt\/pl\/wp-json\/wp\/v2\/media\/1005"}],"wp:attachment":[{"href":"https:\/\/citygate.lt\/pl\/wp-json\/wp\/v2\/media?parent=1003"}],"curies":[{"name":"wp","href":"https:\/\/api.w.org\/{rel}","templated":true}]}}